{"id":16,"date":"2022-05-17T18:14:20","date_gmt":"2022-05-17T18:14:20","guid":{"rendered":"https:\/\/www.meeskond.ee\/?page_id=16"},"modified":"2023-03-08T04:23:09","modified_gmt":"2023-03-08T04:23:09","slug":"info","status":"publish","type":"page","link":"https:\/\/meeskond.ee\/en\/info\/","title":{"rendered":"info"},"content":{"rendered":"<div data-elementor-type=\"wp-page\" data-elementor-id=\"16\" class=\"elementor elementor-16\">\n\t\t\t\t\t\t<section class=\"elementor-section elementor-top-section elementor-element elementor-element-164640e elementor-section-boxed elementor-section-height-default elementor-section-height-default\" data-id=\"164640e\" data-element_type=\"section\" data-e-type=\"section\">\n\t\t\t\t\t\t<div class=\"elementor-container elementor-column-gap-default\">\n\t\t\t\t\t<div class=\"elementor-column elementor-col-100 elementor-top-column elementor-element elementor-element-fbf7075\" data-id=\"fbf7075\" data-element_type=\"column\" data-e-type=\"column\">\n\t\t\t<div class=\"elementor-widget-wrap elementor-element-populated\">\n\t\t\t\t\t\t<div class=\"elementor-element elementor-element-450a27f elementor-hidden-mobile elementor-widget elementor-widget-spacer\" data-id=\"450a27f\" data-element_type=\"widget\" data-e-type=\"widget\" data-widget_type=\"spacer.default\">\n\t\t\t\t<div class=\"elementor-widget-container\">\n\t\t\t\t\t\t\t<div class=\"elementor-spacer\">\n\t\t\t<div class=\"elementor-spacer-inner\"><\/div>\n\t\t<\/div>\n\t\t\t\t\t\t<\/div>\n\t\t\t\t<\/div>\n\t\t\t\t<section class=\"elementor-section elementor-inner-section elementor-element elementor-element-99d8b8b elementor-section-boxed elementor-section-height-default elementor-section-height-default\" data-id=\"99d8b8b\" data-element_type=\"section\" data-e-type=\"section\">\n\t\t\t\t\t\t<div class=\"elementor-container elementor-column-gap-default\">\n\t\t\t\t\t<div class=\"elementor-column elementor-col-50 elementor-inner-column elementor-element elementor-element-9bf1a05\" data-id=\"9bf1a05\" data-element_type=\"column\" data-e-type=\"column\">\n\t\t\t<div class=\"elementor-widget-wrap elementor-element-populated\">\n\t\t\t\t\t\t<div class=\"elementor-element elementor-element-b5afdab elementor-widget elementor-widget-heading\" data-id=\"b5afdab\" data-element_type=\"widget\" data-e-type=\"widget\" data-widget_type=\"heading.default\">\n\t\t\t\t<div class=\"elementor-widget-container\">\n\t\t\t\t\t<h2 class=\"elementor-heading-title elementor-size-default\">Info<\/h2>\t\t\t\t<\/div>\n\t\t\t\t<\/div>\n\t\t\t\t\t<\/div>\n\t\t<\/div>\n\t\t\t\t<div class=\"elementor-column elementor-col-50 elementor-inner-column elementor-element elementor-element-c1fe458\" data-id=\"c1fe458\" data-element_type=\"column\" data-e-type=\"column\">\n\t\t\t<div class=\"elementor-widget-wrap elementor-element-populated\">\n\t\t\t\t\t\t<div class=\"elementor-element elementor-element-4b1e707 elementor-widget-divider--view-line elementor-widget elementor-widget-divider\" data-id=\"4b1e707\" data-element_type=\"widget\" data-e-type=\"widget\" data-widget_type=\"divider.default\">\n\t\t\t\t<div class=\"elementor-widget-container\">\n\t\t\t\t\t\t\t<div class=\"elementor-divider\">\n\t\t\t<span class=\"elementor-divider-separator\">\n\t\t\t\t\t\t<\/span>\n\t\t<\/div>\n\t\t\t\t\t\t<\/div>\n\t\t\t\t<\/div>\n\t\t\t\t\t<\/div>\n\t\t<\/div>\n\t\t\t\t\t<\/div>\n\t\t<\/section>\n\t\t\t\t<div class=\"elementor-element elementor-element-01dbef7 elementor-widget elementor-widget-spacer\" data-id=\"01dbef7\" data-element_type=\"widget\" data-e-type=\"widget\" data-widget_type=\"spacer.default\">\n\t\t\t\t<div class=\"elementor-widget-container\">\n\t\t\t\t\t\t\t<div class=\"elementor-spacer\">\n\t\t\t<div class=\"elementor-spacer-inner\"><\/div>\n\t\t<\/div>\n\t\t\t\t\t\t<\/div>\n\t\t\t\t<\/div>\n\t\t\t\t\t<\/div>\n\t\t<\/div>\n\t\t\t\t\t<\/div>\n\t\t<\/section>\n\t\t\t\t<section class=\"elementor-section elementor-top-section elementor-element elementor-element-4f49be5 elementor-hidden-mobile elementor-section-boxed elementor-section-height-default elementor-section-height-default\" data-id=\"4f49be5\" data-element_type=\"section\" data-e-type=\"section\">\n\t\t\t\t\t\t<div class=\"elementor-container elementor-column-gap-default\">\n\t\t\t\t\t<div class=\"elementor-column elementor-col-100 elementor-top-column elementor-element elementor-element-40fe87c\" data-id=\"40fe87c\" data-element_type=\"column\" data-e-type=\"column\">\n\t\t\t<div class=\"elementor-widget-wrap elementor-element-populated\">\n\t\t\t\t\t\t<div class=\"elementor-element elementor-element-9227d1c elementor-widget elementor-widget-eael-post-timeline\" data-id=\"9227d1c\" data-element_type=\"widget\" data-e-type=\"widget\" data-widget_type=\"eael-post-timeline.default\">\n\t\t\t\t<div class=\"elementor-widget-container\">\n\t\t\t\t\t<div id=\"eael-post-timeline-9227d1c\" class=\"eael-post-timeline timeline-layout-card eael-post-timeline-arrow-top\">\n            <div class=\"eael-post-timeline eael-post-appender eael-post-appender-9227d1c\"><article class=\"eael-timeline-post\">\n    <div class=\"eael-timeline-bullet\"><\/div>\n    <div class=\"eael-timeline-post-inner\">\n        <a class=\"eael-timeline-post-link\" href=\"https:\/\/meeskond.ee\/en\/meeskonnaga-koos-tasuv-ja-kasulik\/\" title=\"Meeskonnaga koos &#8211; tasuv ja kasulik\">\n            <time datetime=\"22. May 2022\">22. May 2022<\/time>\n            <div class=\"eael-timeline-content\"><div class=\"eael-timeline-post-title\">\n\t\t                    <h2 class=\"eael-timeline-post-title-text\">Meeskonnaga koos &#8211; tasuv ja kasulik<\/h2>\n\t\t                <\/div><div class=\"eael-timeline-post-excerpt\"><p>Meeskond on Eesti turvaturul tegutsenud \u00fcle 20 aasta. Korra tagamisega...<\/p><\/div><\/div><\/a>\n    <\/div>\n    <div class=\"eael-timeline-clear\"><\/div>\n<\/article><article class=\"eael-timeline-post\">\n    <div class=\"eael-timeline-bullet\"><\/div>\n    <div class=\"eael-timeline-post-inner\">\n        <a class=\"eael-timeline-post-link\" href=\"https:\/\/meeskond.ee\/en\/parima-firmaurituse-onnestumiseks-tuleb-moelda-ka-abijoududele\/\" title=\"Parima Firma\u00fcrituse \u00d5nnestumiseks Tuleb M\u00f5elda Ka Abij\u00f5ududele\">\n            <time datetime=\"4. Feb 2022\">4. Feb 2022<\/time>\n            <div class=\"eael-timeline-content\"><div class=\"eael-timeline-post-title\">\n\t\t                    <h2 class=\"eael-timeline-post-title-text\">Parima Firma\u00fcrituse \u00d5nnestumiseks Tuleb M\u00f5elda Ka Abij\u00f5ududele<\/h2>\n\t\t                <\/div><div class=\"eael-timeline-post-excerpt\"><p>\u00dcrituse kordaminekuks on k\u00f5ige t\u00e4htsam hea ettevalmistus ja \u00f5ige planeerimine,...<\/p><\/div><\/div><\/a>\n    <\/div>\n    <div class=\"eael-timeline-clear\"><\/div>\n<\/article><article class=\"eael-timeline-post\">\n    <div class=\"eael-timeline-bullet\"><\/div>\n    <div class=\"eael-timeline-post-inner\">\n        <a class=\"eael-timeline-post-link\" href=\"https:\/\/meeskond.ee\/en\/meie-tootajatest\/\" title=\"Meie T\u00f6\u00f6tajatest\">\n            <time datetime=\"17. Nov 2021\">17. Nov 2021<\/time>\n            <div class=\"eael-timeline-content\"><div class=\"eael-timeline-post-title\">\n\t\t                    <h2 class=\"eael-timeline-post-title-text\">Meie T\u00f6\u00f6tajatest<\/h2>\n\t\t                <\/div><div class=\"eael-timeline-post-excerpt\"><p>Enamikul t\u00f6\u00f6tajatest on varasem suur\u00fcritustel t\u00f6\u00f6tamise kogemus, mis annab neile...<\/p><\/div><\/div><\/a>\n    <\/div>\n    <div class=\"eael-timeline-clear\"><\/div>\n<\/article><\/div>\n\t\t<\/div>\t\t\t\t<\/div>\n\t\t\t\t<\/div>\n\t\t\t\t<div class=\"elementor-element elementor-element-53a6a98 elementor-hidden-mobile elementor-widget elementor-widget-spacer\" data-id=\"53a6a98\" data-element_type=\"widget\" data-e-type=\"widget\" data-widget_type=\"spacer.default\">\n\t\t\t\t<div class=\"elementor-widget-container\">\n\t\t\t\t\t\t\t<div class=\"elementor-spacer\">\n\t\t\t<div class=\"elementor-spacer-inner\"><\/div>\n\t\t<\/div>\n\t\t\t\t\t\t<\/div>\n\t\t\t\t<\/div>\n\t\t\t\t\t<\/div>\n\t\t<\/div>\n\t\t\t\t\t<\/div>\n\t\t<\/section>\n\t\t\t\t<section class=\"elementor-section elementor-top-section elementor-element elementor-element-f8792e9 elementor-hidden-desktop elementor-hidden-tablet elementor-section-boxed elementor-section-height-default elementor-section-height-default\" data-id=\"f8792e9\" data-element_type=\"section\" data-e-type=\"section\">\n\t\t\t\t\t\t<div class=\"elementor-container elementor-column-gap-default\">\n\t\t\t\t\t<div class=\"elementor-column elementor-col-100 elementor-top-column elementor-element elementor-element-b53ae60\" data-id=\"b53ae60\" data-element_type=\"column\" data-e-type=\"column\">\n\t\t\t<div class=\"elementor-widget-wrap elementor-element-populated\">\n\t\t\t\t\t\t<div class=\"elementor-element elementor-element-62dada5 elementor-widget elementor-widget-eael-post-timeline\" data-id=\"62dada5\" data-element_type=\"widget\" data-e-type=\"widget\" data-widget_type=\"eael-post-timeline.default\">\n\t\t\t\t<div class=\"elementor-widget-container\">\n\t\t\t\t\t<div id=\"eael-post-timeline-62dada5\" class=\"eael-post-timeline timeline-layout-card eael-post-timeline-arrow-top\">\n            <div class=\"eael-post-timeline eael-post-appender eael-post-appender-62dada5\"><article class=\"eael-timeline-post\">\n    <div class=\"eael-timeline-bullet\"><\/div>\n    <div class=\"eael-timeline-post-inner\">\n        <a class=\"eael-timeline-post-link\" href=\"https:\/\/meeskond.ee\/en\/meeskonnaga-koos-tasuv-ja-kasulik\/\" title=\"Meeskonnaga koos &#8211; tasuv ja kasulik\">\n            <time datetime=\"22. May 2022\">22. May 2022<\/time>\n            <div class=\"eael-timeline-content\"><div class=\"eael-timeline-post-title\">\n\t\t                    <h2 class=\"eael-timeline-post-title-text\">Meeskonnaga koos &#8211; tasuv ja kasulik<\/h2>\n\t\t                <\/div><\/div><\/a>\n    <\/div>\n    <div class=\"eael-timeline-clear\"><\/div>\n<\/article><article class=\"eael-timeline-post\">\n    <div class=\"eael-timeline-bullet\"><\/div>\n    <div class=\"eael-timeline-post-inner\">\n        <a class=\"eael-timeline-post-link\" href=\"https:\/\/meeskond.ee\/en\/parima-firmaurituse-onnestumiseks-tuleb-moelda-ka-abijoududele\/\" title=\"Parima Firma\u00fcrituse \u00d5nnestumiseks Tuleb M\u00f5elda Ka Abij\u00f5ududele\">\n            <time datetime=\"4. Feb 2022\">4. Feb 2022<\/time>\n            <div class=\"eael-timeline-content\"><div class=\"eael-timeline-post-title\">\n\t\t                    <h2 class=\"eael-timeline-post-title-text\">Parima Firma\u00fcrituse \u00d5nnestumiseks Tuleb M\u00f5elda Ka Abij\u00f5ududele<\/h2>\n\t\t                <\/div><\/div><\/a>\n    <\/div>\n    <div class=\"eael-timeline-clear\"><\/div>\n<\/article><article class=\"eael-timeline-post\">\n    <div class=\"eael-timeline-bullet\"><\/div>\n    <div class=\"eael-timeline-post-inner\">\n        <a class=\"eael-timeline-post-link\" href=\"https:\/\/meeskond.ee\/en\/meie-tootajatest\/\" title=\"Meie T\u00f6\u00f6tajatest\">\n            <time datetime=\"17. Nov 2021\">17. Nov 2021<\/time>\n            <div class=\"eael-timeline-content\"><div class=\"eael-timeline-post-title\">\n\t\t                    <h2 class=\"eael-timeline-post-title-text\">Meie T\u00f6\u00f6tajatest<\/h2>\n\t\t                <\/div><\/div><\/a>\n    <\/div>\n    <div class=\"eael-timeline-clear\"><\/div>\n<\/article><\/div>\n\t\t<\/div>\t\t\t\t<\/div>\n\t\t\t\t<\/div>\n\t\t\t\t<div class=\"elementor-element elementor-element-966b6b0 elementor-widget elementor-widget-spacer\" data-id=\"966b6b0\" data-element_type=\"widget\" data-e-type=\"widget\" data-widget_type=\"spacer.default\">\n\t\t\t\t<div class=\"elementor-widget-container\">\n\t\t\t\t\t\t\t<div class=\"elementor-spacer\">\n\t\t\t<div class=\"elementor-spacer-inner\"><\/div>\n\t\t<\/div>\n\t\t\t\t\t\t<\/div>\n\t\t\t\t<\/div>\n\t\t\t\t\t<\/div>\n\t\t<\/div>\n\t\t\t\t\t<\/div>\n\t\t<\/section>\n\t\t\t\t<\/div>","protected":false},"excerpt":{"rendered":"<p>Info May 22, 2022 Meeskonnaga koos &#8211; tasuv ja kasulik Meeskond on Eesti turvaturul tegutsenud \u00fcle 20 aasta. Korra tagamisega&#8230; February 4, 2022 Parima Firma\u00fcrituse \u00d5nnestumiseks Tuleb M\u00f5elda Ka Abij\u00f5ududele \u00dcrituse kordaminekuks on k\u00f5ige t\u00e4htsam hea ettevalmistus ja \u00f5ige planeerimine,&#8230; November 17, 2021 Meie T\u00f6\u00f6tajatest Enamikul t\u00f6\u00f6tajatest on varasem suur\u00fcritustel t\u00f6\u00f6tamise kogemus, mis annab neile&#8230;&hellip;&nbsp;<a href=\"https:\/\/meeskond.ee\/en\/meie-tootajatest\/\" rel=\"bookmark\">Read More &raquo;<span class=\"screen-reader-text\">Meie T\u00f6\u00f6tajatest<\/span><\/a><\/p>","protected":false},"author":1,"featured_media":0,"parent":0,"menu_order":0,"comment_status":"closed","ping_status":"closed","template":"page-templates\/template-pagebuilder-full-width.php","meta":{"neve_meta_sidebar":"","neve_meta_container":"","neve_meta_enable_content_width":"","neve_meta_content_width":0,"neve_meta_title_alignment":"","neve_meta_author_avatar":"","neve_post_elements_order":"","neve_meta_disable_header":"","neve_meta_disable_footer":"","neve_meta_disable_title":"","footnotes":""},"class_list":["post-16","page","type-page","status-publish","hentry"],"yoast_head":"<!-- This site is optimized with the Yoast SEO plugin v26.9 - https:\/\/yoast.com\/product\/yoast-seo-wordpress\/ -->\n<title>info - MEESKOND<\/title>\n<meta name=\"robots\" content=\"index, follow, max-snippet:-1, max-image-preview:large, max-video-preview:-1\" \/>\n<link rel=\"canonical\" href=\"https:\/\/www.meeskond.ee\/info\/\" \/>\n<meta property=\"og:locale\" content=\"en_US\" \/>\n<meta property=\"og:type\" content=\"article\" \/>\n<meta property=\"og:title\" content=\"info - MEESKOND\" \/>\n<meta property=\"og:description\" content=\"Info May 22, 2022 Meeskonnaga koos &#8211; tasuv ja kasulik Meeskond on Eesti turvaturul tegutsenud \u00fcle 20 aasta. Korra tagamisega&#8230; February 4, 2022 Parima Firma\u00fcrituse \u00d5nnestumiseks Tuleb M\u00f5elda Ka Abij\u00f5ududele \u00dcrituse kordaminekuks on k\u00f5ige t\u00e4htsam hea ettevalmistus ja \u00f5ige planeerimine,&#8230; November 17, 2021 Meie T\u00f6\u00f6tajatest Enamikul t\u00f6\u00f6tajatest on varasem suur\u00fcritustel t\u00f6\u00f6tamise kogemus, mis annab neile&#8230;&hellip;&nbsp;Read More &raquo;Meie T\u00f6\u00f6tajatest\" \/>\n<meta property=\"og:url\" content=\"https:\/\/www.meeskond.ee\/info\/\" \/>\n<meta property=\"og:site_name\" content=\"MEESKOND\" \/>\n<meta property=\"article:publisher\" content=\"https:\/\/www.facebook.com\/meeskond\" \/>\n<meta property=\"article:modified_time\" content=\"2023-03-08T04:23:09+00:00\" \/>\n<meta name=\"twitter:card\" content=\"summary_large_image\" \/>\n<meta name=\"twitter:label1\" content=\"Est. reading time\" \/>\n\t<meta name=\"twitter:data1\" content=\"1 minute\" \/>\n<script type=\"application\/ld+json\" class=\"yoast-schema-graph\">{\"@context\":\"https:\/\/schema.org\",\"@graph\":[{\"@type\":\"WebPage\",\"@id\":\"https:\/\/www.meeskond.ee\/info\/\",\"url\":\"https:\/\/www.meeskond.ee\/info\/\",\"name\":\"info - MEESKOND\",\"isPartOf\":{\"@id\":\"http:\/\/www.meeskond.ee\/#website\"},\"datePublished\":\"2022-05-17T18:14:20+00:00\",\"dateModified\":\"2023-03-08T04:23:09+00:00\",\"breadcrumb\":{\"@id\":\"https:\/\/www.meeskond.ee\/info\/#breadcrumb\"},\"inLanguage\":\"en-US\",\"potentialAction\":[{\"@type\":\"ReadAction\",\"target\":[\"https:\/\/www.meeskond.ee\/info\/\"]}]},{\"@type\":\"BreadcrumbList\",\"@id\":\"https:\/\/www.meeskond.ee\/info\/#breadcrumb\",\"itemListElement\":[{\"@type\":\"ListItem\",\"position\":1,\"name\":\"Avaleht\",\"item\":\"https:\/\/www.meeskond.ee\/\"},{\"@type\":\"ListItem\",\"position\":2,\"name\":\"info\"}]},{\"@type\":\"WebSite\",\"@id\":\"http:\/\/www.meeskond.ee\/#website\",\"url\":\"http:\/\/www.meeskond.ee\/\",\"name\":\"MEESKOND\",\"description\":\"\",\"publisher\":{\"@id\":\"http:\/\/www.meeskond.ee\/#organization\"},\"potentialAction\":[{\"@type\":\"SearchAction\",\"target\":{\"@type\":\"EntryPoint\",\"urlTemplate\":\"http:\/\/www.meeskond.ee\/?s={search_term_string}\"},\"query-input\":{\"@type\":\"PropertyValueSpecification\",\"valueRequired\":true,\"valueName\":\"search_term_string\"}}],\"inLanguage\":\"en-US\"},{\"@type\":\"Organization\",\"@id\":\"http:\/\/www.meeskond.ee\/#organization\",\"name\":\"Meeskond Security\",\"url\":\"http:\/\/www.meeskond.ee\/\",\"logo\":{\"@type\":\"ImageObject\",\"inLanguage\":\"en-US\",\"@id\":\"http:\/\/www.meeskond.ee\/#\/schema\/logo\/image\/\",\"url\":\"https:\/\/www.meeskond.ee\/wp-content\/uploads\/2022\/07\/meeskond_security_RGB.jpeg\",\"contentUrl\":\"https:\/\/www.meeskond.ee\/wp-content\/uploads\/2022\/07\/meeskond_security_RGB.jpeg\",\"width\":1280,\"height\":371,\"caption\":\"Meeskond Security\"},\"image\":{\"@id\":\"http:\/\/www.meeskond.ee\/#\/schema\/logo\/image\/\"},\"sameAs\":[\"https:\/\/www.facebook.com\/meeskond\",\"https:\/\/www.instagram.com\/meeskond_security\/?hl=en\"]}]}<\/script>\n<!-- \/ Yoast SEO plugin. -->","yoast_head_json":{"title":"info - MEESKOND","robots":{"index":"index","follow":"follow","max-snippet":"max-snippet:-1","max-image-preview":"max-image-preview:large","max-video-preview":"max-video-preview:-1"},"canonical":"https:\/\/www.meeskond.ee\/info\/","og_locale":"en_US","og_type":"article","og_title":"info - MEESKOND","og_description":"Info May 22, 2022 Meeskonnaga koos &#8211; tasuv ja kasulik Meeskond on Eesti turvaturul tegutsenud \u00fcle 20 aasta. Korra tagamisega&#8230; February 4, 2022 Parima Firma\u00fcrituse \u00d5nnestumiseks Tuleb M\u00f5elda Ka Abij\u00f5ududele \u00dcrituse kordaminekuks on k\u00f5ige t\u00e4htsam hea ettevalmistus ja \u00f5ige planeerimine,&#8230; November 17, 2021 Meie T\u00f6\u00f6tajatest Enamikul t\u00f6\u00f6tajatest on varasem suur\u00fcritustel t\u00f6\u00f6tamise kogemus, mis annab neile&#8230;&hellip;&nbsp;Read More &raquo;Meie T\u00f6\u00f6tajatest","og_url":"https:\/\/www.meeskond.ee\/info\/","og_site_name":"MEESKOND","article_publisher":"https:\/\/www.facebook.com\/meeskond","article_modified_time":"2023-03-08T04:23:09+00:00","twitter_card":"summary_large_image","twitter_misc":{"Est. reading time":"1 minute"},"schema":{"@context":"https:\/\/schema.org","@graph":[{"@type":"WebPage","@id":"https:\/\/www.meeskond.ee\/info\/","url":"https:\/\/www.meeskond.ee\/info\/","name":"info - MEESKOND","isPartOf":{"@id":"http:\/\/www.meeskond.ee\/#website"},"datePublished":"2022-05-17T18:14:20+00:00","dateModified":"2023-03-08T04:23:09+00:00","breadcrumb":{"@id":"https:\/\/www.meeskond.ee\/info\/#breadcrumb"},"inLanguage":"en-US","potentialAction":[{"@type":"ReadAction","target":["https:\/\/www.meeskond.ee\/info\/"]}]},{"@type":"BreadcrumbList","@id":"https:\/\/www.meeskond.ee\/info\/#breadcrumb","itemListElement":[{"@type":"ListItem","position":1,"name":"Avaleht","item":"https:\/\/www.meeskond.ee\/"},{"@type":"ListItem","position":2,"name":"info"}]},{"@type":"WebSite","@id":"http:\/\/www.meeskond.ee\/#website","url":"http:\/\/www.meeskond.ee\/","name":"MEESKOND","description":"","publisher":{"@id":"http:\/\/www.meeskond.ee\/#organization"},"potentialAction":[{"@type":"SearchAction","target":{"@type":"EntryPoint","urlTemplate":"http:\/\/www.meeskond.ee\/?s={search_term_string}"},"query-input":{"@type":"PropertyValueSpecification","valueRequired":true,"valueName":"search_term_string"}}],"inLanguage":"en-US"},{"@type":"Organization","@id":"http:\/\/www.meeskond.ee\/#organization","name":"Meeskond Security","url":"http:\/\/www.meeskond.ee\/","logo":{"@type":"ImageObject","inLanguage":"en-US","@id":"http:\/\/www.meeskond.ee\/#\/schema\/logo\/image\/","url":"https:\/\/www.meeskond.ee\/wp-content\/uploads\/2022\/07\/meeskond_security_RGB.jpeg","contentUrl":"https:\/\/www.meeskond.ee\/wp-content\/uploads\/2022\/07\/meeskond_security_RGB.jpeg","width":1280,"height":371,"caption":"Meeskond Security"},"image":{"@id":"http:\/\/www.meeskond.ee\/#\/schema\/logo\/image\/"},"sameAs":["https:\/\/www.facebook.com\/meeskond","https:\/\/www.instagram.com\/meeskond_security\/?hl=en"]}]}},"_links":{"self":[{"href":"https:\/\/meeskond.ee\/en\/wp-json\/wp\/v2\/pages\/16","targetHints":{"allow":["GET"]}}],"collection":[{"href":"https:\/\/meeskond.ee\/en\/wp-json\/wp\/v2\/pages"}],"about":[{"href":"https:\/\/meeskond.ee\/en\/wp-json\/wp\/v2\/types\/page"}],"author":[{"embeddable":true,"href":"https:\/\/meeskond.ee\/en\/wp-json\/wp\/v2\/users\/1"}],"replies":[{"embeddable":true,"href":"https:\/\/meeskond.ee\/en\/wp-json\/wp\/v2\/comments?post=16"}],"version-history":[{"count":5,"href":"https:\/\/meeskond.ee\/en\/wp-json\/wp\/v2\/pages\/16\/revisions"}],"predecessor-version":[{"id":1346,"href":"https:\/\/meeskond.ee\/en\/wp-json\/wp\/v2\/pages\/16\/revisions\/1346"}],"wp:attachment":[{"href":"https:\/\/meeskond.ee\/en\/wp-json\/wp\/v2\/media?parent=16"}],"curies":[{"name":"wp","href":"https:\/\/api.w.org\/{rel}","templated":true}]}}