{"id":2853,"date":"2024-09-13T06:44:42","date_gmt":"2024-09-13T06:44:42","guid":{"rendered":"https:\/\/meeskond.ee\/?page_id=2853"},"modified":"2024-09-13T10:23:18","modified_gmt":"2024-09-13T10:23:18","slug":"oppekava-valvetootaja-ope-3","status":"publish","type":"page","link":"https:\/\/meeskond.ee\/en\/oppekava-valvetootaja-ope-3\/","title":{"rendered":"\u00f5ppekava valvet\u00f6\u00f6taja \u00f5pe"},"content":{"rendered":"<div data-elementor-type=\"wp-page\" data-elementor-id=\"2853\" class=\"elementor elementor-2853\">\n\t\t\t\t\t\t<section class=\"elementor-section elementor-top-section elementor-element elementor-element-dece089 elementor-section-boxed elementor-section-height-default elementor-section-height-default\" data-id=\"dece089\" data-element_type=\"section\" data-e-type=\"section\">\n\t\t\t\t\t\t<div class=\"elementor-container elementor-column-gap-default\">\n\t\t\t\t\t<div class=\"elementor-column elementor-col-100 elementor-top-column elementor-element elementor-element-a90918a\" data-id=\"a90918a\" data-element_type=\"column\" data-e-type=\"column\">\n\t\t\t<div class=\"elementor-widget-wrap elementor-element-populated\">\n\t\t\t\t\t\t<div class=\"elementor-element elementor-element-ed84ae2 elementor-widget elementor-widget-text-editor\" data-id=\"ed84ae2\" data-element_type=\"widget\" data-e-type=\"widget\" data-widget_type=\"text-editor.default\">\n\t\t\t\t<div class=\"elementor-widget-container\">\n\t\t\t\t\t\t\t\t\t<p>Alus:<br \/>Siseministri 16.05.2024 m\u00e4\u00e4ruse nr 1-1\/13<br \/>&#8220;Turvategevuse eeskiri&#8221;<br \/>LISA 1<\/p>\t\t\t\t\t\t\t\t<\/div>\n\t\t\t\t<\/div>\n\t\t\t\t<div class=\"elementor-element elementor-element-ffed17f elementor-widget elementor-widget-text-editor\" data-id=\"ffed17f\" data-element_type=\"widget\" data-e-type=\"widget\" data-widget_type=\"text-editor.default\">\n\t\t\t\t<div class=\"elementor-widget-container\">\n\t\t\t\t\t\t\t\t\t<p>Valvet\u00f6\u00f6taja \u00f5pe<\/p><p>\u00d5ppekava<\/p>\t\t\t\t\t\t\t\t<\/div>\n\t\t\t\t<\/div>\n\t\t\t\t<div class=\"elementor-element elementor-element-929ee19 elementor-widget elementor-widget-text-editor\" data-id=\"929ee19\" data-element_type=\"widget\" data-e-type=\"widget\" data-widget_type=\"text-editor.default\">\n\t\t\t\t<div class=\"elementor-widget-container\">\n\t\t\t\t\t\t\t\t\t<table width=\"611\"><tbody><tr><td width=\"137\">\u00d5ppekavar\u00fchm<\/td><td width=\"474\">Vara- ja isikukaitse<\/td><\/tr><tr><td width=\"137\">\u00d5ppekava nimetus\u00a0<\/td><td width=\"474\">Valvet\u00f6\u00f6taja \u00f5pe<\/td><\/tr><tr><td width=\"137\">Sihtgrupp<\/td><td width=\"474\">\u00d5pe sobib inimestele, kes soovivad omandada teadmisi ja oskusi valvet\u00f6\u00f6taja kutseeksami sooritamiseks ja valvet\u00f6\u00f6tajana t\u00f6\u00f6tamiseks v\u00f5i t\u00e4iendada varem omandatud teadmisi ja oskusi. \u00d5ppija peab vastama turvategevuse seaduse \u00a7 15 l\u00f5ikes 1 s\u00e4testatud n\u00f5uetele.<\/td><\/tr><tr><td width=\"137\">Maht<\/td><td width=\"474\">V\u00e4hemalt 24 akadeemilist tundi, millest 16 akadeemilist tundi moodustab kontakt\u00f5pe.<\/td><\/tr><tr><td width=\"137\">Eesm\u00e4rk<\/td><td width=\"474\">Koolituse l\u00e4bimisel on \u00f5ppijal valvet\u00f6\u00f6taja kutseeksami sooritamiseks ja valvet\u00f6\u00f6tajana t\u00f6\u00f6tamiseks vajalikud teadmised ja oskused.<\/td><\/tr><tr><td rowspan=\"7\" width=\"137\">\u00d5ppe sisu ja k\u00e4sitletavad teemad<\/td><td width=\"474\">*Turvamise olemus ja seos korrakaitsega.<\/td><\/tr><tr><td width=\"474\">*Valvamise \u00f5iguslikud alused, valvamise olemus ja teostamine.<\/td><\/tr><tr><td width=\"474\">*Valvet\u00f6\u00f6taja \u00f5igused ja kohustused.<\/td><\/tr><tr><td width=\"474\">*Side-, valve- ning teised vahendid, mida turvamises kasutatakse.<\/td><\/tr><tr><td width=\"474\">*Gaasipihusti kasutamine ning esmaabi andmine gaasipihusti kasutamise j\u00e4rgselt.<\/td><\/tr><tr><td width=\"474\">*Iseseisvalt ja meeskonnas t\u00f6\u00f6tamine ning m\u00f5jusad suhtlemise v\u00f5tted.<\/td><\/tr><tr><td width=\"474\">*Trauma ja stressiga toimetulek.<\/td><\/tr><tr><td rowspan=\"6\" width=\"137\">\u00d5piv\u00e4ljundid<\/td><td width=\"474\">\u00d5ppe l\u00e4binu:<\/td><\/tr><tr><td width=\"474\">*nimetab valvet\u00f6\u00f6taja \u00f5igused ja kohustused turvamisel ning kirjeldab valvamise teostamist;<\/td><\/tr><tr><td width=\"474\">*selgitab, kuidas kasutada valveseadmestikku, j\u00e4lgimisseadmestikku ja mehaanilise kaitse vahendeid vastavalt objekti erip\u00e4rale<\/td><\/tr><tr><td width=\"474\">*kirjeldab, kuidas tegutseda tulekahju korral<\/td><\/tr><tr><td width=\"474\">*oskab kasutada teabe vahendamiseks sidevahendeid ja teisi infoedastusvahendeid<\/td><\/tr><tr><td width=\"474\">*oskab kasutada \u00f5igusp\u00e4raselt ja turvaliselt gaasipihustit ning teab, kuidas anda esmaabi gaasipihusti kasutamise j\u00e4rel<\/td><\/tr><tr><td rowspan=\"6\" width=\"137\">\u00d5ppematerjalide loend<\/td><td width=\"474\">Kohustuslikud \u00f5ppematerjalid on:<\/td><\/tr><tr><td>*Turvategevuse seadus<\/td><\/tr><tr><td>*Turvategevuse eeskiri<\/td><\/tr><tr><td>*Eesti vabariigi p\u00f5hiseadus<\/td><\/tr><tr><td>*Korrakaitseseadus<\/td><\/tr><tr><td width=\"474\">*Karistusseadustik (s\u00e4tted, mis puudutavad h\u00e4dakaitset, h\u00e4daseisundit ja kohustuste kollisiooni)<\/td><\/tr><tr><td width=\"137\">\u00d5ppe l\u00e4biviimiseks vajaliku kvalifikatsiooni, \u00f5pi- v\u00f5i t\u00f6\u00f6kogemuse kirjeldus koolitajal<\/td><td width=\"474\">\u00d5pet viivad l\u00e4bi pikaajalise erialase t\u00f6\u00f6- ja koolituskogemusega koolitajad. K\u00f5igil koolitajatel on turvajuht tase 5 kutse v\u00f5i erialane v\u00e4lja\u00f5pe ning nad l\u00e4bivad v\u00e4hemalt iga 5 aasta tagant erialase t\u00e4ienduskoolituse. <br \/>Vastutav koolitaja Eigo S\u00f5ster (Meeskond Security O\u00dc juhatuse liige, TP\u00dc sotsiaalt\u00f6\u00f6 bakalaureus, turvajuht tase 5 kutse).<\/td><\/tr><tr><td rowspan=\"4\" width=\"137\">\u00d5ppekeskkond<\/td><td width=\"474\">*Auditoorne t\u00f6\u00f6 toimub \u00f5ppeklassis, mis on varustatud grupi suurust arvestades vajaliku arvu laudade ja toolide, tahvli, esitlusarvuti ja projekteerimisvahenditega.<\/td><\/tr><tr><td width=\"474\">*\u00d5ppet\u00f6\u00f6 praktiline osa toimub vastavalt vajadusele, kas \u00f5ppeklassis, eri\u00f5ppe harjutusalal v\u00f5i t\u00f6\u00f6keskkonnas.<\/td><\/tr><tr><td width=\"474\">Vajalikud vahendid: sidevahendid, turvas\u00fcsteemide \u00f5ppestendid, erivahendid, \u00f5ppegaasipihusti, turvavarustus, mannekeen elustamise treeninguks jne.<\/td><\/tr><tr><td width=\"474\">*Iseseisev t\u00f6\u00f6 v\u00f5ib toimuda ka e-\u00f5ppekeskkonnas.<\/td><\/tr><tr><td rowspan=\"2\" width=\"137\">L\u00f5petamise tingimused ja v\u00e4ljastatavad dokumendid<\/td><td width=\"474\">Kohustuslik on osaleda v\u00e4hemalt 70% kogu\u00f5ppest, sealjuures 90% kontakt\u00f5ppes. \u00d5ppes osalemise kohta v\u00e4ljastatakse t\u00f5end.<\/td><\/tr><tr><td width=\"474\">P\u00e4rast \u00f5ppe l\u00e4bimist on v\u00f5imalik taotleda valvet\u00f6\u00f6taja kutse.<\/td><\/tr><\/tbody><\/table>\t\t\t\t\t\t\t\t<\/div>\n\t\t\t\t<\/div>\n\t\t\t\t<div class=\"elementor-element elementor-element-a40dcd4 elementor-widget elementor-widget-text-editor\" data-id=\"a40dcd4\" data-element_type=\"widget\" data-e-type=\"widget\" data-widget_type=\"text-editor.default\">\n\t\t\t\t<div class=\"elementor-widget-container\">\n\t\t\t\t\t\t\t\t\t<p>Kinnitatud 13\/09\/2024<\/p>\t\t\t\t\t\t\t\t<\/div>\n\t\t\t\t<\/div>\n\t\t\t\t\t<\/div>\n\t\t<\/div>\n\t\t\t\t\t<\/div>\n\t\t<\/section>\n\t\t\t\t<\/div>","protected":false},"excerpt":{"rendered":"<p>Alus:Siseministri 16.05.2024 m\u00e4\u00e4ruse nr 1-1\/13&#8220;Turvategevuse eeskiri&#8221;LISA 1 Valvet\u00f6\u00f6taja \u00f5pe \u00d5ppekava \u00d5ppekavar\u00fchm Vara- ja isikukaitse \u00d5ppekava nimetus\u00a0 Valvet\u00f6\u00f6taja \u00f5pe Sihtgrupp \u00d5pe sobib inimestele, kes soovivad omandada teadmisi ja oskusi valvet\u00f6\u00f6taja kutseeksami sooritamiseks ja valvet\u00f6\u00f6tajana t\u00f6\u00f6tamiseks v\u00f5i t\u00e4iendada varem omandatud teadmisi ja oskusi. \u00d5ppija peab vastama turvategevuse seaduse \u00a7 15 l\u00f5ikes 1 s\u00e4testatud n\u00f5uetele. Maht V\u00e4hemalt 24&hellip;&nbsp;<a href=\"https:\/\/meeskond.ee\/en\/oppekava-valvetootaja-ope-3\/\" rel=\"bookmark\">Read More &raquo;<span class=\"screen-reader-text\">\u00f5ppekava valvet\u00f6\u00f6taja \u00f5pe<\/span><\/a><\/p>","protected":false},"author":1,"featured_media":0,"parent":0,"menu_order":0,"comment_status":"closed","ping_status":"closed","template":"page-templates\/template-pagebuilder-full-width.php","meta":{"neve_meta_sidebar":"","neve_meta_container":"","neve_meta_enable_content_width":"","neve_meta_content_width":0,"neve_meta_title_alignment":"","neve_meta_author_avatar":"","neve_post_elements_order":"","neve_meta_disable_header":"","neve_meta_disable_footer":"","neve_meta_disable_title":"","footnotes":""},"class_list":["post-2853","page","type-page","status-publish","hentry"],"yoast_head":"<!-- This site is optimized with the Yoast SEO plugin v26.9 - https:\/\/yoast.com\/product\/yoast-seo-wordpress\/ -->\n<title>\u00f5ppekava valvet\u00f6\u00f6taja \u00f5pe - MEESKOND<\/title>\n<meta name=\"robots\" content=\"index, follow, max-snippet:-1, max-image-preview:large, max-video-preview:-1\" \/>\n<link rel=\"canonical\" href=\"https:\/\/meeskond.ee\/en\/oppekava-valvetootaja-ope-3\/\" \/>\n<meta property=\"og:locale\" content=\"en_US\" \/>\n<meta property=\"og:type\" content=\"article\" \/>\n<meta property=\"og:title\" content=\"\u00f5ppekava valvet\u00f6\u00f6taja \u00f5pe - MEESKOND\" \/>\n<meta property=\"og:description\" content=\"Alus:Siseministri 16.05.2024 m\u00e4\u00e4ruse nr 1-1\/13&#8220;Turvategevuse eeskiri&#8221;LISA 1 Valvet\u00f6\u00f6taja \u00f5pe \u00d5ppekava \u00d5ppekavar\u00fchm Vara- ja isikukaitse \u00d5ppekava nimetus\u00a0 Valvet\u00f6\u00f6taja \u00f5pe Sihtgrupp \u00d5pe sobib inimestele, kes soovivad omandada teadmisi ja oskusi valvet\u00f6\u00f6taja kutseeksami sooritamiseks ja valvet\u00f6\u00f6tajana t\u00f6\u00f6tamiseks v\u00f5i t\u00e4iendada varem omandatud teadmisi ja oskusi. \u00d5ppija peab vastama turvategevuse seaduse \u00a7 15 l\u00f5ikes 1 s\u00e4testatud n\u00f5uetele. Maht V\u00e4hemalt 24&hellip;&nbsp;Read More &raquo;\u00f5ppekava valvet\u00f6\u00f6taja \u00f5pe\" \/>\n<meta property=\"og:url\" content=\"https:\/\/meeskond.ee\/en\/oppekava-valvetootaja-ope-3\/\" \/>\n<meta property=\"og:site_name\" content=\"MEESKOND\" \/>\n<meta property=\"article:publisher\" content=\"https:\/\/www.facebook.com\/meeskond\" \/>\n<meta property=\"article:modified_time\" content=\"2024-09-13T10:23:18+00:00\" \/>\n<meta name=\"twitter:card\" content=\"summary_large_image\" \/>\n<meta name=\"twitter:label1\" content=\"Est. reading time\" \/>\n\t<meta name=\"twitter:data1\" content=\"2 minutes\" \/>\n<script type=\"application\/ld+json\" class=\"yoast-schema-graph\">{\"@context\":\"https:\/\/schema.org\",\"@graph\":[{\"@type\":\"WebPage\",\"@id\":\"https:\/\/meeskond.ee\/oppekava-valvetootaja-ope-3\/\",\"url\":\"https:\/\/meeskond.ee\/oppekava-valvetootaja-ope-3\/\",\"name\":\"\u00f5ppekava valvet\u00f6\u00f6taja \u00f5pe - MEESKOND\",\"isPartOf\":{\"@id\":\"http:\/\/www.meeskond.ee\/#website\"},\"datePublished\":\"2024-09-13T06:44:42+00:00\",\"dateModified\":\"2024-09-13T10:23:18+00:00\",\"breadcrumb\":{\"@id\":\"https:\/\/meeskond.ee\/oppekava-valvetootaja-ope-3\/#breadcrumb\"},\"inLanguage\":\"en-US\",\"potentialAction\":[{\"@type\":\"ReadAction\",\"target\":[\"https:\/\/meeskond.ee\/oppekava-valvetootaja-ope-3\/\"]}]},{\"@type\":\"BreadcrumbList\",\"@id\":\"https:\/\/meeskond.ee\/oppekava-valvetootaja-ope-3\/#breadcrumb\",\"itemListElement\":[{\"@type\":\"ListItem\",\"position\":1,\"name\":\"Avaleht\",\"item\":\"https:\/\/www.meeskond.ee\/\"},{\"@type\":\"ListItem\",\"position\":2,\"name\":\"\u00f5ppekava valvet\u00f6\u00f6taja \u00f5pe\"}]},{\"@type\":\"WebSite\",\"@id\":\"http:\/\/www.meeskond.ee\/#website\",\"url\":\"http:\/\/www.meeskond.ee\/\",\"name\":\"MEESKOND\",\"description\":\"\",\"publisher\":{\"@id\":\"http:\/\/www.meeskond.ee\/#organization\"},\"potentialAction\":[{\"@type\":\"SearchAction\",\"target\":{\"@type\":\"EntryPoint\",\"urlTemplate\":\"http:\/\/www.meeskond.ee\/?s={search_term_string}\"},\"query-input\":{\"@type\":\"PropertyValueSpecification\",\"valueRequired\":true,\"valueName\":\"search_term_string\"}}],\"inLanguage\":\"en-US\"},{\"@type\":\"Organization\",\"@id\":\"http:\/\/www.meeskond.ee\/#organization\",\"name\":\"Meeskond Security\",\"url\":\"http:\/\/www.meeskond.ee\/\",\"logo\":{\"@type\":\"ImageObject\",\"inLanguage\":\"en-US\",\"@id\":\"http:\/\/www.meeskond.ee\/#\/schema\/logo\/image\/\",\"url\":\"https:\/\/www.meeskond.ee\/wp-content\/uploads\/2022\/07\/meeskond_security_RGB.jpeg\",\"contentUrl\":\"https:\/\/www.meeskond.ee\/wp-content\/uploads\/2022\/07\/meeskond_security_RGB.jpeg\",\"width\":1280,\"height\":371,\"caption\":\"Meeskond Security\"},\"image\":{\"@id\":\"http:\/\/www.meeskond.ee\/#\/schema\/logo\/image\/\"},\"sameAs\":[\"https:\/\/www.facebook.com\/meeskond\",\"https:\/\/www.instagram.com\/meeskond_security\/?hl=en\"]}]}<\/script>\n<!-- \/ Yoast SEO plugin. -->","yoast_head_json":{"title":"\u00f5ppekava valvet\u00f6\u00f6taja \u00f5pe - MEESKOND","robots":{"index":"index","follow":"follow","max-snippet":"max-snippet:-1","max-image-preview":"max-image-preview:large","max-video-preview":"max-video-preview:-1"},"canonical":"https:\/\/meeskond.ee\/en\/oppekava-valvetootaja-ope-3\/","og_locale":"en_US","og_type":"article","og_title":"\u00f5ppekava valvet\u00f6\u00f6taja \u00f5pe - MEESKOND","og_description":"Alus:Siseministri 16.05.2024 m\u00e4\u00e4ruse nr 1-1\/13&#8220;Turvategevuse eeskiri&#8221;LISA 1 Valvet\u00f6\u00f6taja \u00f5pe \u00d5ppekava \u00d5ppekavar\u00fchm Vara- ja isikukaitse \u00d5ppekava nimetus\u00a0 Valvet\u00f6\u00f6taja \u00f5pe Sihtgrupp \u00d5pe sobib inimestele, kes soovivad omandada teadmisi ja oskusi valvet\u00f6\u00f6taja kutseeksami sooritamiseks ja valvet\u00f6\u00f6tajana t\u00f6\u00f6tamiseks v\u00f5i t\u00e4iendada varem omandatud teadmisi ja oskusi. \u00d5ppija peab vastama turvategevuse seaduse \u00a7 15 l\u00f5ikes 1 s\u00e4testatud n\u00f5uetele. Maht V\u00e4hemalt 24&hellip;&nbsp;Read More &raquo;\u00f5ppekava valvet\u00f6\u00f6taja \u00f5pe","og_url":"https:\/\/meeskond.ee\/en\/oppekava-valvetootaja-ope-3\/","og_site_name":"MEESKOND","article_publisher":"https:\/\/www.facebook.com\/meeskond","article_modified_time":"2024-09-13T10:23:18+00:00","twitter_card":"summary_large_image","twitter_misc":{"Est. reading time":"2 minutes"},"schema":{"@context":"https:\/\/schema.org","@graph":[{"@type":"WebPage","@id":"https:\/\/meeskond.ee\/oppekava-valvetootaja-ope-3\/","url":"https:\/\/meeskond.ee\/oppekava-valvetootaja-ope-3\/","name":"\u00f5ppekava valvet\u00f6\u00f6taja \u00f5pe - MEESKOND","isPartOf":{"@id":"http:\/\/www.meeskond.ee\/#website"},"datePublished":"2024-09-13T06:44:42+00:00","dateModified":"2024-09-13T10:23:18+00:00","breadcrumb":{"@id":"https:\/\/meeskond.ee\/oppekava-valvetootaja-ope-3\/#breadcrumb"},"inLanguage":"en-US","potentialAction":[{"@type":"ReadAction","target":["https:\/\/meeskond.ee\/oppekava-valvetootaja-ope-3\/"]}]},{"@type":"BreadcrumbList","@id":"https:\/\/meeskond.ee\/oppekava-valvetootaja-ope-3\/#breadcrumb","itemListElement":[{"@type":"ListItem","position":1,"name":"Avaleht","item":"https:\/\/www.meeskond.ee\/"},{"@type":"ListItem","position":2,"name":"\u00f5ppekava valvet\u00f6\u00f6taja \u00f5pe"}]},{"@type":"WebSite","@id":"http:\/\/www.meeskond.ee\/#website","url":"http:\/\/www.meeskond.ee\/","name":"MEESKOND","description":"","publisher":{"@id":"http:\/\/www.meeskond.ee\/#organization"},"potentialAction":[{"@type":"SearchAction","target":{"@type":"EntryPoint","urlTemplate":"http:\/\/www.meeskond.ee\/?s={search_term_string}"},"query-input":{"@type":"PropertyValueSpecification","valueRequired":true,"valueName":"search_term_string"}}],"inLanguage":"en-US"},{"@type":"Organization","@id":"http:\/\/www.meeskond.ee\/#organization","name":"Meeskond Security","url":"http:\/\/www.meeskond.ee\/","logo":{"@type":"ImageObject","inLanguage":"en-US","@id":"http:\/\/www.meeskond.ee\/#\/schema\/logo\/image\/","url":"https:\/\/www.meeskond.ee\/wp-content\/uploads\/2022\/07\/meeskond_security_RGB.jpeg","contentUrl":"https:\/\/www.meeskond.ee\/wp-content\/uploads\/2022\/07\/meeskond_security_RGB.jpeg","width":1280,"height":371,"caption":"Meeskond Security"},"image":{"@id":"http:\/\/www.meeskond.ee\/#\/schema\/logo\/image\/"},"sameAs":["https:\/\/www.facebook.com\/meeskond","https:\/\/www.instagram.com\/meeskond_security\/?hl=en"]}]}},"_links":{"self":[{"href":"https:\/\/meeskond.ee\/en\/wp-json\/wp\/v2\/pages\/2853","targetHints":{"allow":["GET"]}}],"collection":[{"href":"https:\/\/meeskond.ee\/en\/wp-json\/wp\/v2\/pages"}],"about":[{"href":"https:\/\/meeskond.ee\/en\/wp-json\/wp\/v2\/types\/page"}],"author":[{"embeddable":true,"href":"https:\/\/meeskond.ee\/en\/wp-json\/wp\/v2\/users\/1"}],"replies":[{"embeddable":true,"href":"https:\/\/meeskond.ee\/en\/wp-json\/wp\/v2\/comments?post=2853"}],"version-history":[{"count":5,"href":"https:\/\/meeskond.ee\/en\/wp-json\/wp\/v2\/pages\/2853\/revisions"}],"predecessor-version":[{"id":2917,"href":"https:\/\/meeskond.ee\/en\/wp-json\/wp\/v2\/pages\/2853\/revisions\/2917"}],"wp:attachment":[{"href":"https:\/\/meeskond.ee\/en\/wp-json\/wp\/v2\/media?parent=2853"}],"curies":[{"name":"wp","href":"https:\/\/api.w.org\/{rel}","templated":true}]}}