{"id":2890,"date":"2024-09-13T07:00:29","date_gmt":"2024-09-13T07:00:29","guid":{"rendered":"https:\/\/meeskond.ee\/?page_id=2890"},"modified":"2024-09-13T11:29:17","modified_gmt":"2024-09-13T11:29:17","slug":"oppekorralduse-ja-kvaliteedi-tagamise-alused","status":"publish","type":"page","link":"https:\/\/meeskond.ee\/en\/oppekorralduse-ja-kvaliteedi-tagamise-alused\/","title":{"rendered":"\u00f5ppekorralduse ja -kvaliteedi tagamise alused"},"content":{"rendered":"<div data-elementor-type=\"wp-page\" data-elementor-id=\"2890\" class=\"elementor elementor-2890\">\n\t\t\t\t\t\t<section class=\"elementor-section elementor-top-section elementor-element elementor-element-dece089 elementor-section-boxed elementor-section-height-default elementor-section-height-default\" data-id=\"dece089\" data-element_type=\"section\" data-e-type=\"section\">\n\t\t\t\t\t\t<div class=\"elementor-container elementor-column-gap-default\">\n\t\t\t\t\t<div class=\"elementor-column elementor-col-100 elementor-top-column elementor-element elementor-element-a90918a\" data-id=\"a90918a\" data-element_type=\"column\" data-e-type=\"column\">\n\t\t\t<div class=\"elementor-widget-wrap elementor-element-populated\">\n\t\t\t\t\t\t<div class=\"elementor-element elementor-element-ed84ae2 elementor-widget elementor-widget-text-editor\" data-id=\"ed84ae2\" data-element_type=\"widget\" data-e-type=\"widget\" data-widget_type=\"text-editor.default\">\n\t\t\t\t<div class=\"elementor-widget-container\">\n\t\t\t\t\t\t\t\t\t<h2>T\u00e4iendkoolitusasutuse Meeskond Security O\u00dc \u00f5ppekorralduse ja -kvaliteedi tagamise alused<\/h2>\n<p><strong>&nbsp;<\/strong><\/p>\n<ol>\n<li><strong>\u00d5ppekorralduse alused<\/strong>\n<ul>\n<li><strong>\u00d5ppija t\u00e4ienduskoolitusele vastuv\u00f5tu ja koolituselt v\u00e4ljaarvamise tingimused ja kord<\/strong>\n<ul>\n<li>Koolitustele saab registreeruda v\u00f5ttes \u00fchendust Meeskond Security O\u00dc Koolitusspetsialistiga (edaspidi: Koolitusspetsialist) e-maili teel <a href=\"mailto:koolitus@meeskond.ee\">koolitus@meeskond.ee<\/a> v\u00f5i telefoni teel 56222066.<\/li>\n<li>\u00d5ppija peab vastama \u00f5ppekavas s\u00e4testatud tingimustele.<\/li>\n<li>Koolituse korralduslik info edastatakse \u00f5ppijale hiljemalt 10 t\u00f6\u00f6p\u00e4eva enne koolituse algust.<\/li>\n<li>Koolitusgrupp avatakse, kui on v\u00e4hemalt 15 soovijat.<\/li>\n<li>Kui \u00f5ppija soovib koolitusel osalemisest loobuda, tuleb sellest teada anda Koolitusspetsialistile e-maili v\u00f5i telefoni teel.<\/li>\n<li>Koolituse l\u00e4bimiseks peab \u00f5ppija osalema v\u00e4hemalt 70% kogu\u00f5ppest. Kui \u00f5ppija on osalenud v\u00e4hem kui 70% kogu\u00f5ppest, arvatakse \u00f5ppija koolituselt v\u00e4lja.<\/li>\n<li>Koolituse katkestanud \u00f5ppijale v\u00e4ljastatakse l\u00e4bitud teemade kohta t\u00f5end.<\/li>\n<li>Koolituse l\u00e4binud \u00f5ppijale v\u00e4ljastatakse vastavalt \u00f5ppekavale kas t\u00f5end v\u00f5i tunnistus.<\/li>\n<\/ul>\n<\/li>\n<li><strong>T\u00e4ienduskoolituse eest \u00f5ppetasu maksmise, sellest vabastamise ja selle tagastamise tingimused ja kord<\/strong>\n<ul>\n<li>\u00d5ppetasu maksmine toimub \u00f5ppijaga koosk\u00f5lastatud hinnapakkumise alusel \u00f5ppijale esitatud arve p\u00f5hjal.<\/li>\n<li>Koolitusasutuse otsusel v\u00f5ib \u00f5ppija \u00f5ppetasust vabastada.<\/li>\n<li>\u00d5ppetasu tagastatakse t\u00e4ismahus, kui koolitus ei toimu koolitusasutusest tuleneval p\u00f5hjusel v\u00f5i kui \u00f5ppija on koolitusel osalemise loobumise soovist teada andnud v\u00e4hemalt 48h enne koolituse algust. Poolte kokkuleppel v\u00f5ib \u00f5ppetasu tagastada ka osaliselt.<\/li>\n<\/ul>\n<\/li>\n<li><strong>Teised \u00f5ppe korraldamiseks olulised tingimused<\/strong>\n<ul>\n<li>\u00d5ppe- ja asjaajamiskeel on eesti keel.<\/li>\n<li>Koolituse l\u00e4bimiseks vajalikud \u00f5ppevahendid tagab koolitusasutus.<\/li>\n<li>\u00d5pe toimub kaasaegsetes \u00f5ppeklassides ja veebikeskkonnas. Praktiline \u00f5pe toimub vastavalt vajadusele kas \u00f5ppeklassis, treeningsaalis v\u00f5i t\u00f6\u00f6keskkonnas. \u00d5ppe toimumise kohast teavitatakse \u00f5ppijaid v\u00e4hemalt 10 t\u00f6\u00f6p\u00e4eva enne koolituse algust.<\/li>\n<li>Tunnistused ja t\u00f5endid nummerdatakse ja nende \u00fcle peetakse arvestust.<\/li>\n<li>P\u00e4rast koolituse l\u00e4bimist on v\u00f5imalik taotleda vastavalt l\u00e4bitud \u00f5ppekavale valvet\u00f6\u00f6taja, turvat\u00f6\u00f6taja v\u00f5i turvajuhi kutset.<\/li>\n<\/ul>\n<\/li>\n<\/ul>\n<\/li>\n<\/ol>\n<p><strong>&nbsp;<\/strong><\/p>\n<p><strong>&nbsp;<\/strong><\/p>\n<ol start=\"2\">\n<li><strong>Kvaliteedi tagamise alused<\/strong>\n<\/li><ul>\n<li><strong>\u00d5ppekavade kvaliteedi tagamise tingimused ja kord<\/strong>\n<ul>\n<li>Kontrollime \u00f5ppekavade vastavust kehtivale seadusandlusele ja t\u00f6\u00f6j\u00f5uturu vajadustele v\u00e4hemalt kord 6 kuu jooksul ja vajadusel viime sisse muudatused.<\/li>\n<li>Vajadusel t\u00e4iendame v\u00f5i muudame \u00f5ppekavasid ka tulenevalt Haridus- ja Teadusministeeriumi soovitustest, \u00f5ppijate tagasisidest v\u00f5i p\u00e4rast koolituse l\u00e4bimist kutse omandanute osakaalust.<\/li>\n<li>J\u00e4lgime, et \u00f5ppekavas v\u00e4lja toodud sisuteemad ja \u00f5ppekeskkond toetaksid \u00f5piv\u00e4ljundite saavutamist.<\/li>\n<\/ul>\n<\/li>\n<li><strong>Koolitajate kvaliteedi tagamise tingimused ja kord<\/strong>\n<ul>\n<li>K\u00f5igil koolitajatel on eelnev t\u00e4iskasvanute koolitamise kogemus, erialane t\u00f6\u00f6kogemus ning turvajuht tase 5 kutse v\u00f5i erialane v\u00e4lja\u00f5pe.<\/li>\n<li>Koolitusasutus tagab, et koolitajad l\u00e4biksid v\u00e4hemalt iga 5 aasta tagant erialase t\u00e4iendkoolituse.<\/li>\n<\/ul>\n<\/li>\n<li><strong>\u00d5ppekeskkonna kvaliteedi tagamise tingimused ja kord<\/strong>\n<ul>\n<li>J\u00e4lgime, et \u00f5ppeklassid oleksid piisavalt valgustatud, t\u00e4nap\u00e4evased ning ergonoomilise sisustusega. Vajadusel viime sisse muudatused \u00f5ppekeskkonna parendamiseks.<\/li>\n<li>Kasutame \u00f5ppe l\u00e4biviimisel t\u00e4nap\u00e4evaseid \u00f5ppevahendeid vastavalt \u00f5ppekavale. Uuendame \u00f5ppevahendeid vastavalt vajadusele.<\/li>\n<\/ul>\n<\/li>\n<li><strong>T\u00e4iendkoolituse kohta tagasiside kogumise kord<\/strong>\n<\/li><ul>\n<li>P\u00e4rast koolituse l\u00f5ppu kogume \u00f5ppijatelt tagasisidet kirjaliku tagasisidek\u00fcsimustiku vormis.<\/li>\n<li>Soovi korral saavad \u00f5ppijad tagasisidet anda ka suuliselt, p\u00f6\u00f6rdudes selleks Koolitusspetsialisti poole.<\/li>\n<li>Anal\u00fc\u00fcsime saadud tagasisidet regulaarselt ja vajadusel viime sisse muudatused koolituse kvaliteedi t\u00f5stmiseks.<\/li>\n<\/ul>\n\n<\/ul>\n\n<\/ol><div><br><\/div><div>KINNITATUD&nbsp; 13\/09\/2024<\/div>\t\t\t\t\t\t\t\t<\/div>\n\t\t\t\t<\/div>\n\t\t\t\t\t<\/div>\n\t\t<\/div>\n\t\t\t\t\t<\/div>\n\t\t<\/section>\n\t\t\t\t<\/div>","protected":false},"excerpt":{"rendered":"<p>T\u00e4iendkoolitusasutuse Meeskond Security O\u00dc \u00f5ppekorralduse ja -kvaliteedi tagamise alused &nbsp; \u00d5ppekorralduse alused \u00d5ppija t\u00e4ienduskoolitusele vastuv\u00f5tu ja koolituselt v\u00e4ljaarvamise tingimused ja kord Koolitustele saab registreeruda v\u00f5ttes \u00fchendust Meeskond Security O\u00dc Koolitusspetsialistiga (edaspidi: Koolitusspetsialist) e-maili teel koolitus@meeskond.ee v\u00f5i telefoni teel 56222066. \u00d5ppija peab vastama \u00f5ppekavas s\u00e4testatud tingimustele. Koolituse korralduslik info edastatakse \u00f5ppijale hiljemalt 10 t\u00f6\u00f6p\u00e4eva enne koolituse&hellip;&nbsp;<a href=\"https:\/\/meeskond.ee\/en\/oppekorralduse-ja-kvaliteedi-tagamise-alused\/\" rel=\"bookmark\">Read More &raquo;<span class=\"screen-reader-text\">\u00f5ppekorralduse ja -kvaliteedi tagamise alused<\/span><\/a><\/p>","protected":false},"author":1,"featured_media":0,"parent":0,"menu_order":0,"comment_status":"closed","ping_status":"closed","template":"page-templates\/template-pagebuilder-full-width.php","meta":{"neve_meta_sidebar":"","neve_meta_container":"","neve_meta_enable_content_width":"","neve_meta_content_width":0,"neve_meta_title_alignment":"","neve_meta_author_avatar":"","neve_post_elements_order":"","neve_meta_disable_header":"","neve_meta_disable_footer":"","neve_meta_disable_title":"","footnotes":""},"class_list":["post-2890","page","type-page","status-publish","hentry"],"yoast_head":"<!-- This site is optimized with the Yoast SEO plugin v26.9 - https:\/\/yoast.com\/product\/yoast-seo-wordpress\/ -->\n<title>\u00f5ppekorralduse ja -kvaliteedi tagamise alused - MEESKOND<\/title>\n<meta name=\"robots\" content=\"index, follow, max-snippet:-1, max-image-preview:large, max-video-preview:-1\" \/>\n<link rel=\"canonical\" href=\"https:\/\/meeskond.ee\/en\/oppekorralduse-ja-kvaliteedi-tagamise-alused\/\" \/>\n<meta property=\"og:locale\" content=\"en_US\" \/>\n<meta property=\"og:type\" content=\"article\" \/>\n<meta property=\"og:title\" content=\"\u00f5ppekorralduse ja -kvaliteedi tagamise alused - MEESKOND\" \/>\n<meta property=\"og:description\" content=\"T\u00e4iendkoolitusasutuse Meeskond Security O\u00dc \u00f5ppekorralduse ja -kvaliteedi tagamise alused &nbsp; \u00d5ppekorralduse alused \u00d5ppija t\u00e4ienduskoolitusele vastuv\u00f5tu ja koolituselt v\u00e4ljaarvamise tingimused ja kord Koolitustele saab registreeruda v\u00f5ttes \u00fchendust Meeskond Security O\u00dc Koolitusspetsialistiga (edaspidi: Koolitusspetsialist) e-maili teel koolitus@meeskond.ee v\u00f5i telefoni teel 56222066. \u00d5ppija peab vastama \u00f5ppekavas s\u00e4testatud tingimustele. Koolituse korralduslik info edastatakse \u00f5ppijale hiljemalt 10 t\u00f6\u00f6p\u00e4eva enne koolituse&hellip;&nbsp;Read More &raquo;\u00f5ppekorralduse ja -kvaliteedi tagamise alused\" \/>\n<meta property=\"og:url\" content=\"https:\/\/meeskond.ee\/en\/oppekorralduse-ja-kvaliteedi-tagamise-alused\/\" \/>\n<meta property=\"og:site_name\" content=\"MEESKOND\" \/>\n<meta property=\"article:publisher\" content=\"https:\/\/www.facebook.com\/meeskond\" \/>\n<meta property=\"article:modified_time\" content=\"2024-09-13T11:29:17+00:00\" \/>\n<meta name=\"twitter:card\" content=\"summary_large_image\" \/>\n<meta name=\"twitter:label1\" content=\"Est. reading time\" \/>\n\t<meta name=\"twitter:data1\" content=\"3 minutes\" \/>\n<script type=\"application\/ld+json\" class=\"yoast-schema-graph\">{\"@context\":\"https:\/\/schema.org\",\"@graph\":[{\"@type\":\"WebPage\",\"@id\":\"https:\/\/meeskond.ee\/oppekorralduse-ja-kvaliteedi-tagamise-alused\/\",\"url\":\"https:\/\/meeskond.ee\/oppekorralduse-ja-kvaliteedi-tagamise-alused\/\",\"name\":\"\u00f5ppekorralduse ja -kvaliteedi tagamise alused - MEESKOND\",\"isPartOf\":{\"@id\":\"http:\/\/www.meeskond.ee\/#website\"},\"datePublished\":\"2024-09-13T07:00:29+00:00\",\"dateModified\":\"2024-09-13T11:29:17+00:00\",\"breadcrumb\":{\"@id\":\"https:\/\/meeskond.ee\/oppekorralduse-ja-kvaliteedi-tagamise-alused\/#breadcrumb\"},\"inLanguage\":\"en-US\",\"potentialAction\":[{\"@type\":\"ReadAction\",\"target\":[\"https:\/\/meeskond.ee\/oppekorralduse-ja-kvaliteedi-tagamise-alused\/\"]}]},{\"@type\":\"BreadcrumbList\",\"@id\":\"https:\/\/meeskond.ee\/oppekorralduse-ja-kvaliteedi-tagamise-alused\/#breadcrumb\",\"itemListElement\":[{\"@type\":\"ListItem\",\"position\":1,\"name\":\"Avaleht\",\"item\":\"https:\/\/www.meeskond.ee\/\"},{\"@type\":\"ListItem\",\"position\":2,\"name\":\"\u00f5ppekorralduse ja -kvaliteedi tagamise alused\"}]},{\"@type\":\"WebSite\",\"@id\":\"http:\/\/www.meeskond.ee\/#website\",\"url\":\"http:\/\/www.meeskond.ee\/\",\"name\":\"MEESKOND\",\"description\":\"\",\"publisher\":{\"@id\":\"http:\/\/www.meeskond.ee\/#organization\"},\"potentialAction\":[{\"@type\":\"SearchAction\",\"target\":{\"@type\":\"EntryPoint\",\"urlTemplate\":\"http:\/\/www.meeskond.ee\/?s={search_term_string}\"},\"query-input\":{\"@type\":\"PropertyValueSpecification\",\"valueRequired\":true,\"valueName\":\"search_term_string\"}}],\"inLanguage\":\"en-US\"},{\"@type\":\"Organization\",\"@id\":\"http:\/\/www.meeskond.ee\/#organization\",\"name\":\"Meeskond Security\",\"url\":\"http:\/\/www.meeskond.ee\/\",\"logo\":{\"@type\":\"ImageObject\",\"inLanguage\":\"en-US\",\"@id\":\"http:\/\/www.meeskond.ee\/#\/schema\/logo\/image\/\",\"url\":\"https:\/\/www.meeskond.ee\/wp-content\/uploads\/2022\/07\/meeskond_security_RGB.jpeg\",\"contentUrl\":\"https:\/\/www.meeskond.ee\/wp-content\/uploads\/2022\/07\/meeskond_security_RGB.jpeg\",\"width\":1280,\"height\":371,\"caption\":\"Meeskond Security\"},\"image\":{\"@id\":\"http:\/\/www.meeskond.ee\/#\/schema\/logo\/image\/\"},\"sameAs\":[\"https:\/\/www.facebook.com\/meeskond\",\"https:\/\/www.instagram.com\/meeskond_security\/?hl=en\"]}]}<\/script>\n<!-- \/ Yoast SEO plugin. -->","yoast_head_json":{"title":"\u00f5ppekorralduse ja -kvaliteedi tagamise alused - MEESKOND","robots":{"index":"index","follow":"follow","max-snippet":"max-snippet:-1","max-image-preview":"max-image-preview:large","max-video-preview":"max-video-preview:-1"},"canonical":"https:\/\/meeskond.ee\/en\/oppekorralduse-ja-kvaliteedi-tagamise-alused\/","og_locale":"en_US","og_type":"article","og_title":"\u00f5ppekorralduse ja -kvaliteedi tagamise alused - MEESKOND","og_description":"T\u00e4iendkoolitusasutuse Meeskond Security O\u00dc \u00f5ppekorralduse ja -kvaliteedi tagamise alused &nbsp; \u00d5ppekorralduse alused \u00d5ppija t\u00e4ienduskoolitusele vastuv\u00f5tu ja koolituselt v\u00e4ljaarvamise tingimused ja kord Koolitustele saab registreeruda v\u00f5ttes \u00fchendust Meeskond Security O\u00dc Koolitusspetsialistiga (edaspidi: Koolitusspetsialist) e-maili teel koolitus@meeskond.ee v\u00f5i telefoni teel 56222066. \u00d5ppija peab vastama \u00f5ppekavas s\u00e4testatud tingimustele. Koolituse korralduslik info edastatakse \u00f5ppijale hiljemalt 10 t\u00f6\u00f6p\u00e4eva enne koolituse&hellip;&nbsp;Read More &raquo;\u00f5ppekorralduse ja -kvaliteedi tagamise alused","og_url":"https:\/\/meeskond.ee\/en\/oppekorralduse-ja-kvaliteedi-tagamise-alused\/","og_site_name":"MEESKOND","article_publisher":"https:\/\/www.facebook.com\/meeskond","article_modified_time":"2024-09-13T11:29:17+00:00","twitter_card":"summary_large_image","twitter_misc":{"Est. reading time":"3 minutes"},"schema":{"@context":"https:\/\/schema.org","@graph":[{"@type":"WebPage","@id":"https:\/\/meeskond.ee\/oppekorralduse-ja-kvaliteedi-tagamise-alused\/","url":"https:\/\/meeskond.ee\/oppekorralduse-ja-kvaliteedi-tagamise-alused\/","name":"\u00f5ppekorralduse ja -kvaliteedi tagamise alused - MEESKOND","isPartOf":{"@id":"http:\/\/www.meeskond.ee\/#website"},"datePublished":"2024-09-13T07:00:29+00:00","dateModified":"2024-09-13T11:29:17+00:00","breadcrumb":{"@id":"https:\/\/meeskond.ee\/oppekorralduse-ja-kvaliteedi-tagamise-alused\/#breadcrumb"},"inLanguage":"en-US","potentialAction":[{"@type":"ReadAction","target":["https:\/\/meeskond.ee\/oppekorralduse-ja-kvaliteedi-tagamise-alused\/"]}]},{"@type":"BreadcrumbList","@id":"https:\/\/meeskond.ee\/oppekorralduse-ja-kvaliteedi-tagamise-alused\/#breadcrumb","itemListElement":[{"@type":"ListItem","position":1,"name":"Avaleht","item":"https:\/\/www.meeskond.ee\/"},{"@type":"ListItem","position":2,"name":"\u00f5ppekorralduse ja -kvaliteedi tagamise alused"}]},{"@type":"WebSite","@id":"http:\/\/www.meeskond.ee\/#website","url":"http:\/\/www.meeskond.ee\/","name":"MEESKOND","description":"","publisher":{"@id":"http:\/\/www.meeskond.ee\/#organization"},"potentialAction":[{"@type":"SearchAction","target":{"@type":"EntryPoint","urlTemplate":"http:\/\/www.meeskond.ee\/?s={search_term_string}"},"query-input":{"@type":"PropertyValueSpecification","valueRequired":true,"valueName":"search_term_string"}}],"inLanguage":"en-US"},{"@type":"Organization","@id":"http:\/\/www.meeskond.ee\/#organization","name":"Meeskond Security","url":"http:\/\/www.meeskond.ee\/","logo":{"@type":"ImageObject","inLanguage":"en-US","@id":"http:\/\/www.meeskond.ee\/#\/schema\/logo\/image\/","url":"https:\/\/www.meeskond.ee\/wp-content\/uploads\/2022\/07\/meeskond_security_RGB.jpeg","contentUrl":"https:\/\/www.meeskond.ee\/wp-content\/uploads\/2022\/07\/meeskond_security_RGB.jpeg","width":1280,"height":371,"caption":"Meeskond Security"},"image":{"@id":"http:\/\/www.meeskond.ee\/#\/schema\/logo\/image\/"},"sameAs":["https:\/\/www.facebook.com\/meeskond","https:\/\/www.instagram.com\/meeskond_security\/?hl=en"]}]}},"_links":{"self":[{"href":"https:\/\/meeskond.ee\/en\/wp-json\/wp\/v2\/pages\/2890","targetHints":{"allow":["GET"]}}],"collection":[{"href":"https:\/\/meeskond.ee\/en\/wp-json\/wp\/v2\/pages"}],"about":[{"href":"https:\/\/meeskond.ee\/en\/wp-json\/wp\/v2\/types\/page"}],"author":[{"embeddable":true,"href":"https:\/\/meeskond.ee\/en\/wp-json\/wp\/v2\/users\/1"}],"replies":[{"embeddable":true,"href":"https:\/\/meeskond.ee\/en\/wp-json\/wp\/v2\/comments?post=2890"}],"version-history":[{"count":5,"href":"https:\/\/meeskond.ee\/en\/wp-json\/wp\/v2\/pages\/2890\/revisions"}],"predecessor-version":[{"id":2932,"href":"https:\/\/meeskond.ee\/en\/wp-json\/wp\/v2\/pages\/2890\/revisions\/2932"}],"wp:attachment":[{"href":"https:\/\/meeskond.ee\/en\/wp-json\/wp\/v2\/media?parent=2890"}],"curies":[{"name":"wp","href":"https:\/\/api.w.org\/{rel}","templated":true}]}}