{"id":32,"date":"2022-05-17T18:19:38","date_gmt":"2022-05-17T18:19:38","guid":{"rendered":"https:\/\/www.meeskond.ee\/?page_id=32"},"modified":"2023-03-08T04:23:13","modified_gmt":"2023-03-08T04:23:13","slug":"kulastajale","status":"publish","type":"page","link":"https:\/\/meeskond.ee\/en\/kulastajale\/","title":{"rendered":"k\u00fclastajale"},"content":{"rendered":"<div data-elementor-type=\"wp-page\" data-elementor-id=\"32\" class=\"elementor elementor-32\">\n\t\t\t\t\t\t<section class=\"elementor-section elementor-top-section elementor-element elementor-element-621a3b02 elementor-section-boxed elementor-section-height-default elementor-section-height-default\" data-id=\"621a3b02\" data-element_type=\"section\" data-e-type=\"section\">\n\t\t\t\t\t\t<div class=\"elementor-container elementor-column-gap-default\">\n\t\t\t\t\t<div class=\"elementor-column elementor-col-100 elementor-top-column elementor-element elementor-element-52e883b7\" data-id=\"52e883b7\" data-element_type=\"column\" data-e-type=\"column\">\n\t\t\t<div class=\"elementor-widget-wrap elementor-element-populated\">\n\t\t\t\t\t\t<div class=\"elementor-element elementor-element-c24f1eb elementor-hidden-mobile elementor-widget elementor-widget-spacer\" data-id=\"c24f1eb\" data-element_type=\"widget\" data-e-type=\"widget\" data-widget_type=\"spacer.default\">\n\t\t\t\t<div class=\"elementor-widget-container\">\n\t\t\t\t\t\t\t<div class=\"elementor-spacer\">\n\t\t\t<div class=\"elementor-spacer-inner\"><\/div>\n\t\t<\/div>\n\t\t\t\t\t\t<\/div>\n\t\t\t\t<\/div>\n\t\t\t\t<section class=\"elementor-section elementor-inner-section elementor-element elementor-element-26622110 elementor-section-boxed elementor-section-height-default elementor-section-height-default\" data-id=\"26622110\" data-element_type=\"section\" data-e-type=\"section\">\n\t\t\t\t\t\t<div class=\"elementor-container elementor-column-gap-default\">\n\t\t\t\t\t<div class=\"elementor-column elementor-col-50 elementor-inner-column elementor-element elementor-element-25d8ee21\" data-id=\"25d8ee21\" data-element_type=\"column\" data-e-type=\"column\">\n\t\t\t<div class=\"elementor-widget-wrap elementor-element-populated\">\n\t\t\t\t\t\t<div class=\"elementor-element elementor-element-c5c289 elementor-widget elementor-widget-heading\" data-id=\"c5c289\" data-element_type=\"widget\" data-e-type=\"widget\" data-widget_type=\"heading.default\">\n\t\t\t\t<div class=\"elementor-widget-container\">\n\t\t\t\t\t<h2 class=\"elementor-heading-title elementor-size-default\">Abiks \u00dcrituse K\u00fclastajale<\/h2>\t\t\t\t<\/div>\n\t\t\t\t<\/div>\n\t\t\t\t\t<\/div>\n\t\t<\/div>\n\t\t\t\t<div class=\"elementor-column elementor-col-50 elementor-inner-column elementor-element elementor-element-59cd303\" data-id=\"59cd303\" data-element_type=\"column\" data-e-type=\"column\">\n\t\t\t<div class=\"elementor-widget-wrap elementor-element-populated\">\n\t\t\t\t\t\t<div class=\"elementor-element elementor-element-30bfa697 elementor-widget-divider--view-line elementor-widget elementor-widget-divider\" data-id=\"30bfa697\" data-element_type=\"widget\" data-e-type=\"widget\" data-widget_type=\"divider.default\">\n\t\t\t\t<div class=\"elementor-widget-container\">\n\t\t\t\t\t\t\t<div class=\"elementor-divider\">\n\t\t\t<span class=\"elementor-divider-separator\">\n\t\t\t\t\t\t<\/span>\n\t\t<\/div>\n\t\t\t\t\t\t<\/div>\n\t\t\t\t<\/div>\n\t\t\t\t\t<\/div>\n\t\t<\/div>\n\t\t\t\t\t<\/div>\n\t\t<\/section>\n\t\t\t\t<div class=\"elementor-element elementor-element-370158d7 elementor-widget elementor-widget-spacer\" data-id=\"370158d7\" data-element_type=\"widget\" data-e-type=\"widget\" data-widget_type=\"spacer.default\">\n\t\t\t\t<div class=\"elementor-widget-container\">\n\t\t\t\t\t\t\t<div class=\"elementor-spacer\">\n\t\t\t<div class=\"elementor-spacer-inner\"><\/div>\n\t\t<\/div>\n\t\t\t\t\t\t<\/div>\n\t\t\t\t<\/div>\n\t\t\t\t\t<\/div>\n\t\t<\/div>\n\t\t\t\t\t<\/div>\n\t\t<\/section>\n\t\t\t\t<section class=\"elementor-section elementor-top-section elementor-element elementor-element-9712642 elementor-section-boxed elementor-section-height-default elementor-section-height-default\" data-id=\"9712642\" data-element_type=\"section\" data-e-type=\"section\">\n\t\t\t\t\t\t<div class=\"elementor-container elementor-column-gap-default\">\n\t\t\t\t\t<div class=\"elementor-column elementor-col-33 elementor-top-column elementor-element elementor-element-a0b4f81\" data-id=\"a0b4f81\" data-element_type=\"column\" data-e-type=\"column\">\n\t\t\t<div class=\"elementor-widget-wrap elementor-element-populated\">\n\t\t\t\t\t\t<div class=\"elementor-element elementor-element-8fa7210 elementor-widget elementor-widget-heading\" data-id=\"8fa7210\" data-element_type=\"widget\" data-e-type=\"widget\" data-widget_type=\"heading.default\">\n\t\t\t\t<div class=\"elementor-widget-container\">\n\t\t\t\t\t<h2 class=\"elementor-heading-title elementor-size-default\">Meelespea \u00fcrituste tarbeks<\/h2>\t\t\t\t<\/div>\n\t\t\t\t<\/div>\n\t\t\t\t<div class=\"elementor-element elementor-element-edbc6b2 elementor-widget elementor-widget-text-editor\" data-id=\"edbc6b2\" data-element_type=\"widget\" data-e-type=\"widget\" data-widget_type=\"text-editor.default\">\n\t\t\t\t<div class=\"elementor-widget-container\">\n\t\t\t\t\t\t\t\t\t<p>Meelelahutus\u00fcritusega seoses on vaja meeles pidada et \u00fcritusele l\u00e4heb palju inimesi, sellep\u00e4rast tuleks varuda aega. Soovitavalt tuleks \u00fcritusele tulla siis, kui avatakse v\u00e4ravad v\u00f5i uksed, mitte t\u00e4pselt kontserti alguse ajaks. Kuna siis v\u00f5ib juhtuda nii, et te ei p\u00e4\u00e4se piisavalt kiirelt \u00fcrituse territooriumile, et saaksite nautida \u00fcritust t\u00e4ies pikkuses. Selle informatsiooni, millal avatakse v\u00e4ravad ja mis kell hakkab kontsert\/\u00fcritus, saate tavaliselt \u00fcrituse pileti pealt.<\/p><p>Enne \u00fcritusele tulemist on soovitav tutvuda \u00fcrituse sisekorraeeskirjaga. \u00dcrituse sisekorraeeskiri on kehtestatud \u00fcrituse korraldaja poolt ja on j\u00e4rgimiseks k\u00f5igile \u00fcrituse territooriumil viibijaile.<\/p><p>\u00a0<\/p>\t\t\t\t\t\t\t\t<\/div>\n\t\t\t\t<\/div>\n\t\t\t\t\t<\/div>\n\t\t<\/div>\n\t\t\t\t<div class=\"elementor-column elementor-col-33 elementor-top-column elementor-element elementor-element-d96841d\" data-id=\"d96841d\" data-element_type=\"column\" data-e-type=\"column\">\n\t\t\t<div class=\"elementor-widget-wrap elementor-element-populated\">\n\t\t\t\t\t\t<div class=\"elementor-element elementor-element-1e55007 elementor-widget elementor-widget-heading\" data-id=\"1e55007\" data-element_type=\"widget\" data-e-type=\"widget\" data-widget_type=\"heading.default\">\n\t\t\t\t<div class=\"elementor-widget-container\">\n\t\t\t\t\t<h2 class=\"elementor-heading-title elementor-size-default\">\u00dcritusele ei p\u00e4\u00e4se isikud, kellel on kaasas<\/h2>\t\t\t\t<\/div>\n\t\t\t\t<\/div>\n\t\t\t\t<div class=\"elementor-element elementor-element-291b7b3 elementor-widget elementor-widget-text-editor\" data-id=\"291b7b3\" data-element_type=\"widget\" data-e-type=\"widget\" data-widget_type=\"text-editor.default\">\n\t\t\t\t<div class=\"elementor-widget-container\">\n\t\t\t\t\t\t\t\t\t<div class=\"one_third\"><div class=\"sf-icon-box sf-icon-box-standard sf-animation sf-icon-accent sf-animate\" data-delay=\"800\" data-animation-complete=\"\"><div class=\"sf-icon-box-content-wrap clearfix\"><div class=\"sf-icon-box-hr sf-icon-accent\">Esemed, mis v\u00f5ivad osutuda ohtlikuks tema enda v\u00f5i teiste k\u00fclastajate elule ja tervisele, sealhulgas k\u00fclm- ja tulirelvi, laskemoona, p\u00fcrotehnikat, l\u00f5hkematerjale, kergesti s\u00fcttivad ja m\u00fcrkained ning radioaktiivsed materjale.<\/div><\/div><\/div><\/div><div class=\"two_third last\"><p>Tuua, omada, tarvitada v\u00f5i m\u00fc\u00fca \u00fcrituse territooriumil narkootilisi, ps\u00fchhotroopseid v\u00f5i muid uimastava toimega aineid.<br \/>Tuua \u00fcrituse territooriumile endaga kaasa lemmikloomi.<br \/>Siseneda \u00fcrituse territooriumile foto-, videokaamera v\u00f5i m\u00f5ne muu audiovisuaalse salvestusseadmega.<br \/>Oma s\u00f6\u00f6k ja jook<br \/>NB! T\u00e4htis on, et te ei v\u00f5taks kaasa tarbetuid esemeid. V\u00f5ib juhtuda, et teil on kaasas asju-esemeid, millega te \u00fcritusele ei p\u00e4\u00e4se, selle informatsiooni leiate, \u00fcrituse korraldaja poolt valitud info kanalist (piletilt, kodulehelt, infoliinilt, jne.)<\/p><\/div>\t\t\t\t\t\t\t\t<\/div>\n\t\t\t\t<\/div>\n\t\t\t\t\t<\/div>\n\t\t<\/div>\n\t\t\t\t<div class=\"elementor-column elementor-col-33 elementor-top-column elementor-element elementor-element-49aa346\" data-id=\"49aa346\" data-element_type=\"column\" data-e-type=\"column\">\n\t\t\t<div class=\"elementor-widget-wrap elementor-element-populated\">\n\t\t\t\t\t\t<div class=\"elementor-element elementor-element-3b26578 elementor-widget elementor-widget-heading\" data-id=\"3b26578\" data-element_type=\"widget\" data-e-type=\"widget\" data-widget_type=\"heading.default\">\n\t\t\t\t<div class=\"elementor-widget-container\">\n\t\t\t\t\t<h2 class=\"elementor-heading-title elementor-size-default\">K\u00fclastaja kohustused ja \u00f5igused<\/h2>\t\t\t\t<\/div>\n\t\t\t\t<\/div>\n\t\t\t\t<div class=\"elementor-element elementor-element-03951ba elementor-widget elementor-widget-text-editor\" data-id=\"03951ba\" data-element_type=\"widget\" data-e-type=\"widget\" data-widget_type=\"text-editor.default\">\n\t\t\t\t<div class=\"elementor-widget-container\">\n\t\t\t\t\t\t\t\t\t<p><strong>K\u00dcLASTAJA ON KOHUSTATUD:<\/strong><br \/>K\u00fclastaja on enne \u00fcritusele tulemist kohustatud tutvuma sisekorraeeskirjadega<br \/>J\u00e4rgima \u00fcrituse sisekorraeeskirju.<br \/>K\u00e4ituma korrektselt ja j\u00e4rgima \u00fcldtunnustatud k\u00f5lblusnorme.<br \/>Hoidma puhtust, v\u00e4ltima looduse r\u00fc\u00fcstamist ning panema pr\u00fcgi \u00fcksnes selleks etten\u00e4htud kohtadesse.<\/p><p><strong>K\u00dcLASTAJA \u00d5IGUSED:<\/strong><br \/>Tunda r\u00f5\u00f5mu \u00fcrituse toimumisest.<br \/>P\u00f6\u00f6rduda probleemide lahendamiseks korraldava personali poole.<br \/>Esitada ettepanekuid ja kaebusi vastavalt kehtivale korrale.<br \/>Turvalisi ja meeldivaid \u00fcritusi!<\/p>\t\t\t\t\t\t\t\t<\/div>\n\t\t\t\t<\/div>\n\t\t\t\t\t<\/div>\n\t\t<\/div>\n\t\t\t\t\t<\/div>\n\t\t<\/section>\n\t\t\t\t<section class=\"elementor-section elementor-top-section elementor-element elementor-element-d6b72eb elementor-section-boxed elementor-section-height-default elementor-section-height-default\" data-id=\"d6b72eb\" data-element_type=\"section\" data-e-type=\"section\">\n\t\t\t\t\t\t<div class=\"elementor-container elementor-column-gap-default\">\n\t\t\t\t\t<div class=\"elementor-column elementor-col-100 elementor-top-column elementor-element elementor-element-2562554\" data-id=\"2562554\" data-element_type=\"column\" data-e-type=\"column\">\n\t\t\t<div class=\"elementor-widget-wrap elementor-element-populated\">\n\t\t\t\t\t\t<div class=\"elementor-element elementor-element-4164de6 elementor-widget elementor-widget-spacer\" data-id=\"4164de6\" data-element_type=\"widget\" data-e-type=\"widget\" data-widget_type=\"spacer.default\">\n\t\t\t\t<div class=\"elementor-widget-container\">\n\t\t\t\t\t\t\t<div class=\"elementor-spacer\">\n\t\t\t<div class=\"elementor-spacer-inner\"><\/div>\n\t\t<\/div>\n\t\t\t\t\t\t<\/div>\n\t\t\t\t<\/div>\n\t\t\t\t<div class=\"elementor-element elementor-element-aa34292 elementor-widget elementor-widget-eael-adv-tabs\" data-id=\"aa34292\" data-element_type=\"widget\" data-e-type=\"widget\" data-widget_type=\"eael-adv-tabs.default\">\n\t\t\t\t<div class=\"elementor-widget-container\">\n\t\t\t\t\t        <div data-scroll-on-click=\"no\" data-scroll-speed=\"300\" id=\"eael-advance-tabs-aa34292\" class=\"eael-advance-tabs eael-tabs-horizontal eael-tab-auto-active\" data-tabid=\"aa34292\">\n            <div class=\"eael-tabs-nav\">\n                <ul class=\"eael-tab-inline-icon\" role=\"tablist\">\n                                            <li id=\"millega-tulla-ritusele\" class=\"inactive eael-tab-item-trigger eael-tab-nav-item\" aria-selected=\"true\" data-tab=\"1\" role=\"tab\" tabindex=\"0\" aria-controls=\"millega-tulla-ritusele-tab\" aria-expanded=\"false\">\n                            \n                                                                                                                            \n                                                            <span class=\"eael-tab-title title-after-icon\" >Millega tulla \u00fcritusele?<\/span>                            \n                                                    <\/li>\n                                            <li id=\"kuidas-pseb-ritusele\" class=\"inactive eael-tab-item-trigger eael-tab-nav-item\" aria-selected=\"false\" data-tab=\"2\" role=\"tab\" tabindex=\"-1\" aria-controls=\"kuidas-pseb-ritusele-tab\" aria-expanded=\"false\">\n                            \n                                                                                                                            \n                                                            <span class=\"eael-tab-title title-after-icon\" >Kuidas p\u00e4\u00e4seb \u00fcritusele?<\/span>                            \n                                                    <\/li>\n                                            <li id=\"mida-vtta-kaasa\" class=\"inactive eael-tab-item-trigger eael-tab-nav-item\" aria-selected=\"false\" data-tab=\"3\" role=\"tab\" tabindex=\"-1\" aria-controls=\"mida-vtta-kaasa-tab\" aria-expanded=\"false\">\n                            \n                                                                                                                            \n                                                            <span class=\"eael-tab-title title-after-icon\" >Mida v\u00f5tta kaasa?<\/span>                            \n                                                    <\/li>\n                    \n                                  <\/ul>\n            <\/div>\n            \n            <div class=\"eael-tabs-content\">\n\t\t        \n                    <div id=\"millega-tulla-ritusele-tab\" class=\"clearfix eael-tab-content-item inactive\" data-title-link=\"millega-tulla-ritusele-tab\">\n\t\t\t\t        <p>Eelk\u00f5ige soovitame inimestel tulla \u00fcritusele \u00fchistranspordiga. Sagedased on autodest tekkivad ummikud ning kontsertpaiga l\u00e4hi\u00fcmbruses on parkimine keelatud v\u00f5i raskendatud. T\u00e4helepanuta ei saa j\u00e4tta varguste ohtu.<\/p>                    <\/div>\n\t\t        \n                    <div id=\"kuidas-pseb-ritusele-tab\" class=\"clearfix eael-tab-content-item inactive\" data-title-link=\"kuidas-pseb-ritusele-tab\">\n\t\t\t\t        <p>Korraldaja j\u00e4tab endale \u00f5iguse valida oma klientuuri.<br \/>\u00dchekordse sissep\u00e4\u00e4su \u00fcritusele tagab \u00fcritusel pilet, mille olemasolu kontrollitakse p\u00e4\u00e4slas.<br \/>K\u00fclastaja on kohustatud piletit hoolikalt hoidma.<br \/>Pilet kaotab kehtivuse kui pileti kontrollriba on rikutud v\u00f5i eemaldatud, v\u00f5i kui pilet ise on loetamatu.<br \/>V\u00f5imaluse korduvalt \u00fcritusele siseneda kehtestab iga korraldaja vastavalt \u00fcritusele.<\/p>                    <\/div>\n\t\t        \n                    <div id=\"mida-vtta-kaasa-tab\" class=\"clearfix eael-tab-content-item inactive\" data-title-link=\"mida-vtta-kaasa-tab\">\n\t\t\t\t        <p>Kindlasti v\u00f5tke kaasa, \u00fcritusele sissep\u00e4\u00e4su tagav pilet, isikut t\u00f5endav dokument (pass, juhiluba, ID-kaart), sularaha, olenevalt ilmast vihmakeep (soovitav on tulla \u00fcritusele ilma vihmavarjuta, kuna selle avamisel h\u00e4irib see oluliselt teiste k\u00fclastajate vaatev\u00e4lja ja seega v\u00f5ib olla keelatud esemete nimekirjas).<\/p><p>V\u00e4ikelaste puhul oleks soovitav vanematel panna lastele taskusse oma visiitkaart v\u00f5i paberilipik telefoni numbritega ja lapse nimega. Samas on muutunud traditsiooniks, et see informatsioon kirjutatakse lapse vasakule k\u00e4sivarrele!<\/p>                    <\/div>\n\t\t                    <\/div>\n        <\/div>\n\t\t\t\t<\/div>\n\t\t\t\t<\/div>\n\t\t\t\t<div class=\"elementor-element elementor-element-450dfff elementor-hidden-mobile elementor-widget elementor-widget-spacer\" data-id=\"450dfff\" data-element_type=\"widget\" data-e-type=\"widget\" data-widget_type=\"spacer.default\">\n\t\t\t\t<div class=\"elementor-widget-container\">\n\t\t\t\t\t\t\t<div class=\"elementor-spacer\">\n\t\t\t<div class=\"elementor-spacer-inner\"><\/div>\n\t\t<\/div>\n\t\t\t\t\t\t<\/div>\n\t\t\t\t<\/div>\n\t\t\t\t\t<\/div>\n\t\t<\/div>\n\t\t\t\t\t<\/div>\n\t\t<\/section>\n\t\t\t\t<\/div>","protected":false},"excerpt":{"rendered":"<p>Abiks \u00dcrituse K\u00fclastajale Meelespea \u00fcrituste tarbeks Meelelahutus\u00fcritusega seoses on vaja meeles pidada et \u00fcritusele l\u00e4heb palju inimesi, sellep\u00e4rast tuleks varuda aega. Soovitavalt tuleks \u00fcritusele tulla siis, kui avatakse v\u00e4ravad v\u00f5i uksed, mitte t\u00e4pselt kontserti alguse ajaks. Kuna siis v\u00f5ib juhtuda nii, et te ei p\u00e4\u00e4se piisavalt kiirelt \u00fcrituse territooriumile, et saaksite nautida \u00fcritust t\u00e4ies pikkuses.&hellip;&nbsp;<a href=\"https:\/\/meeskond.ee\/en\/kulastajale\/\" rel=\"bookmark\">Read More &raquo;<span class=\"screen-reader-text\">k\u00fclastajale<\/span><\/a><\/p>","protected":false},"author":1,"featured_media":0,"parent":0,"menu_order":0,"comment_status":"closed","ping_status":"closed","template":"page-templates\/template-pagebuilder-full-width.php","meta":{"neve_meta_sidebar":"","neve_meta_container":"","neve_meta_enable_content_width":"","neve_meta_content_width":0,"neve_meta_title_alignment":"","neve_meta_author_avatar":"","neve_post_elements_order":"","neve_meta_disable_header":"","neve_meta_disable_footer":"","neve_meta_disable_title":"","footnotes":""},"class_list":["post-32","page","type-page","status-publish","hentry"],"yoast_head":"<!-- This site is optimized with the Yoast SEO plugin v26.9 - https:\/\/yoast.com\/product\/yoast-seo-wordpress\/ -->\n<title>k\u00fclastajale - MEESKOND<\/title>\n<meta name=\"robots\" content=\"index, follow, max-snippet:-1, max-image-preview:large, max-video-preview:-1\" \/>\n<link rel=\"canonical\" href=\"https:\/\/www.meeskond.ee\/kulastajale\/\" \/>\n<meta property=\"og:locale\" content=\"en_US\" \/>\n<meta property=\"og:type\" content=\"article\" \/>\n<meta property=\"og:title\" content=\"k\u00fclastajale - MEESKOND\" \/>\n<meta property=\"og:description\" content=\"Abiks \u00dcrituse K\u00fclastajale Meelespea \u00fcrituste tarbeks Meelelahutus\u00fcritusega seoses on vaja meeles pidada et \u00fcritusele l\u00e4heb palju inimesi, sellep\u00e4rast tuleks varuda aega. Soovitavalt tuleks \u00fcritusele tulla siis, kui avatakse v\u00e4ravad v\u00f5i uksed, mitte t\u00e4pselt kontserti alguse ajaks. Kuna siis v\u00f5ib juhtuda nii, et te ei p\u00e4\u00e4se piisavalt kiirelt \u00fcrituse territooriumile, et saaksite nautida \u00fcritust t\u00e4ies pikkuses.&hellip;&nbsp;Read More &raquo;k\u00fclastajale\" \/>\n<meta property=\"og:url\" content=\"https:\/\/www.meeskond.ee\/kulastajale\/\" \/>\n<meta property=\"og:site_name\" content=\"MEESKOND\" \/>\n<meta property=\"article:publisher\" content=\"https:\/\/www.facebook.com\/meeskond\" \/>\n<meta property=\"article:modified_time\" content=\"2023-03-08T04:23:13+00:00\" \/>\n<meta name=\"twitter:card\" content=\"summary_large_image\" \/>\n<meta name=\"twitter:label1\" content=\"Est. reading time\" \/>\n\t<meta name=\"twitter:data1\" content=\"2 minutes\" \/>\n<script type=\"application\/ld+json\" class=\"yoast-schema-graph\">{\"@context\":\"https:\/\/schema.org\",\"@graph\":[{\"@type\":\"WebPage\",\"@id\":\"https:\/\/www.meeskond.ee\/kulastajale\/\",\"url\":\"https:\/\/www.meeskond.ee\/kulastajale\/\",\"name\":\"k\u00fclastajale - MEESKOND\",\"isPartOf\":{\"@id\":\"http:\/\/www.meeskond.ee\/#website\"},\"datePublished\":\"2022-05-17T18:19:38+00:00\",\"dateModified\":\"2023-03-08T04:23:13+00:00\",\"breadcrumb\":{\"@id\":\"https:\/\/www.meeskond.ee\/kulastajale\/#breadcrumb\"},\"inLanguage\":\"en-US\",\"potentialAction\":[{\"@type\":\"ReadAction\",\"target\":[\"https:\/\/www.meeskond.ee\/kulastajale\/\"]}]},{\"@type\":\"BreadcrumbList\",\"@id\":\"https:\/\/www.meeskond.ee\/kulastajale\/#breadcrumb\",\"itemListElement\":[{\"@type\":\"ListItem\",\"position\":1,\"name\":\"Avaleht\",\"item\":\"https:\/\/www.meeskond.ee\/\"},{\"@type\":\"ListItem\",\"position\":2,\"name\":\"k\u00fclastajale\"}]},{\"@type\":\"WebSite\",\"@id\":\"http:\/\/www.meeskond.ee\/#website\",\"url\":\"http:\/\/www.meeskond.ee\/\",\"name\":\"MEESKOND\",\"description\":\"\",\"publisher\":{\"@id\":\"http:\/\/www.meeskond.ee\/#organization\"},\"potentialAction\":[{\"@type\":\"SearchAction\",\"target\":{\"@type\":\"EntryPoint\",\"urlTemplate\":\"http:\/\/www.meeskond.ee\/?s={search_term_string}\"},\"query-input\":{\"@type\":\"PropertyValueSpecification\",\"valueRequired\":true,\"valueName\":\"search_term_string\"}}],\"inLanguage\":\"en-US\"},{\"@type\":\"Organization\",\"@id\":\"http:\/\/www.meeskond.ee\/#organization\",\"name\":\"Meeskond Security\",\"url\":\"http:\/\/www.meeskond.ee\/\",\"logo\":{\"@type\":\"ImageObject\",\"inLanguage\":\"en-US\",\"@id\":\"http:\/\/www.meeskond.ee\/#\/schema\/logo\/image\/\",\"url\":\"https:\/\/www.meeskond.ee\/wp-content\/uploads\/2022\/07\/meeskond_security_RGB.jpeg\",\"contentUrl\":\"https:\/\/www.meeskond.ee\/wp-content\/uploads\/2022\/07\/meeskond_security_RGB.jpeg\",\"width\":1280,\"height\":371,\"caption\":\"Meeskond Security\"},\"image\":{\"@id\":\"http:\/\/www.meeskond.ee\/#\/schema\/logo\/image\/\"},\"sameAs\":[\"https:\/\/www.facebook.com\/meeskond\",\"https:\/\/www.instagram.com\/meeskond_security\/?hl=en\"]}]}<\/script>\n<!-- \/ Yoast SEO plugin. -->","yoast_head_json":{"title":"k\u00fclastajale - MEESKOND","robots":{"index":"index","follow":"follow","max-snippet":"max-snippet:-1","max-image-preview":"max-image-preview:large","max-video-preview":"max-video-preview:-1"},"canonical":"https:\/\/www.meeskond.ee\/kulastajale\/","og_locale":"en_US","og_type":"article","og_title":"k\u00fclastajale - MEESKOND","og_description":"Abiks \u00dcrituse K\u00fclastajale Meelespea \u00fcrituste tarbeks Meelelahutus\u00fcritusega seoses on vaja meeles pidada et \u00fcritusele l\u00e4heb palju inimesi, sellep\u00e4rast tuleks varuda aega. Soovitavalt tuleks \u00fcritusele tulla siis, kui avatakse v\u00e4ravad v\u00f5i uksed, mitte t\u00e4pselt kontserti alguse ajaks. Kuna siis v\u00f5ib juhtuda nii, et te ei p\u00e4\u00e4se piisavalt kiirelt \u00fcrituse territooriumile, et saaksite nautida \u00fcritust t\u00e4ies pikkuses.&hellip;&nbsp;Read More &raquo;k\u00fclastajale","og_url":"https:\/\/www.meeskond.ee\/kulastajale\/","og_site_name":"MEESKOND","article_publisher":"https:\/\/www.facebook.com\/meeskond","article_modified_time":"2023-03-08T04:23:13+00:00","twitter_card":"summary_large_image","twitter_misc":{"Est. reading time":"2 minutes"},"schema":{"@context":"https:\/\/schema.org","@graph":[{"@type":"WebPage","@id":"https:\/\/www.meeskond.ee\/kulastajale\/","url":"https:\/\/www.meeskond.ee\/kulastajale\/","name":"k\u00fclastajale - MEESKOND","isPartOf":{"@id":"http:\/\/www.meeskond.ee\/#website"},"datePublished":"2022-05-17T18:19:38+00:00","dateModified":"2023-03-08T04:23:13+00:00","breadcrumb":{"@id":"https:\/\/www.meeskond.ee\/kulastajale\/#breadcrumb"},"inLanguage":"en-US","potentialAction":[{"@type":"ReadAction","target":["https:\/\/www.meeskond.ee\/kulastajale\/"]}]},{"@type":"BreadcrumbList","@id":"https:\/\/www.meeskond.ee\/kulastajale\/#breadcrumb","itemListElement":[{"@type":"ListItem","position":1,"name":"Avaleht","item":"https:\/\/www.meeskond.ee\/"},{"@type":"ListItem","position":2,"name":"k\u00fclastajale"}]},{"@type":"WebSite","@id":"http:\/\/www.meeskond.ee\/#website","url":"http:\/\/www.meeskond.ee\/","name":"MEESKOND","description":"","publisher":{"@id":"http:\/\/www.meeskond.ee\/#organization"},"potentialAction":[{"@type":"SearchAction","target":{"@type":"EntryPoint","urlTemplate":"http:\/\/www.meeskond.ee\/?s={search_term_string}"},"query-input":{"@type":"PropertyValueSpecification","valueRequired":true,"valueName":"search_term_string"}}],"inLanguage":"en-US"},{"@type":"Organization","@id":"http:\/\/www.meeskond.ee\/#organization","name":"Meeskond Security","url":"http:\/\/www.meeskond.ee\/","logo":{"@type":"ImageObject","inLanguage":"en-US","@id":"http:\/\/www.meeskond.ee\/#\/schema\/logo\/image\/","url":"https:\/\/www.meeskond.ee\/wp-content\/uploads\/2022\/07\/meeskond_security_RGB.jpeg","contentUrl":"https:\/\/www.meeskond.ee\/wp-content\/uploads\/2022\/07\/meeskond_security_RGB.jpeg","width":1280,"height":371,"caption":"Meeskond Security"},"image":{"@id":"http:\/\/www.meeskond.ee\/#\/schema\/logo\/image\/"},"sameAs":["https:\/\/www.facebook.com\/meeskond","https:\/\/www.instagram.com\/meeskond_security\/?hl=en"]}]}},"_links":{"self":[{"href":"https:\/\/meeskond.ee\/en\/wp-json\/wp\/v2\/pages\/32","targetHints":{"allow":["GET"]}}],"collection":[{"href":"https:\/\/meeskond.ee\/en\/wp-json\/wp\/v2\/pages"}],"about":[{"href":"https:\/\/meeskond.ee\/en\/wp-json\/wp\/v2\/types\/page"}],"author":[{"embeddable":true,"href":"https:\/\/meeskond.ee\/en\/wp-json\/wp\/v2\/users\/1"}],"replies":[{"embeddable":true,"href":"https:\/\/meeskond.ee\/en\/wp-json\/wp\/v2\/comments?post=32"}],"version-history":[{"count":5,"href":"https:\/\/meeskond.ee\/en\/wp-json\/wp\/v2\/pages\/32\/revisions"}],"predecessor-version":[{"id":1362,"href":"https:\/\/meeskond.ee\/en\/wp-json\/wp\/v2\/pages\/32\/revisions\/1362"}],"wp:attachment":[{"href":"https:\/\/meeskond.ee\/en\/wp-json\/wp\/v2\/media?parent=32"}],"curies":[{"name":"wp","href":"https:\/\/api.w.org\/{rel}","templated":true}]}}