{"id":452,"date":"2022-05-29T10:55:46","date_gmt":"2022-05-29T10:55:46","guid":{"rendered":"https:\/\/excitable-picture.localsite.io\/?page_id=452"},"modified":"2023-03-08T04:23:07","modified_gmt":"2023-03-08T04:23:07","slug":"alternatiivmuusika-uritused","status":"publish","type":"page","link":"https:\/\/meeskond.ee\/en\/alternatiivmuusika-uritused\/","title":{"rendered":"Alternatiivmuusika \u00fcritused"},"content":{"rendered":"<div data-elementor-type=\"wp-page\" data-elementor-id=\"452\" class=\"elementor elementor-452\">\n\t\t\t\t\t\t<section class=\"elementor-section elementor-top-section elementor-element elementor-element-7134998 elementor-section-boxed elementor-section-height-default elementor-section-height-default\" data-id=\"7134998\" data-element_type=\"section\" data-e-type=\"section\">\n\t\t\t\t\t\t<div class=\"elementor-container elementor-column-gap-default\">\n\t\t\t\t\t<div class=\"elementor-column elementor-col-100 elementor-top-column elementor-element elementor-element-d25a70b\" data-id=\"d25a70b\" data-element_type=\"column\" data-e-type=\"column\">\n\t\t\t<div class=\"elementor-widget-wrap elementor-element-populated\">\n\t\t\t\t\t\t<div class=\"elementor-element elementor-element-9627b18 elementor-widget elementor-widget-spacer\" data-id=\"9627b18\" data-element_type=\"widget\" data-e-type=\"widget\" data-widget_type=\"spacer.default\">\n\t\t\t\t<div class=\"elementor-widget-container\">\n\t\t\t\t\t\t\t<div class=\"elementor-spacer\">\n\t\t\t<div class=\"elementor-spacer-inner\"><\/div>\n\t\t<\/div>\n\t\t\t\t\t\t<\/div>\n\t\t\t\t<\/div>\n\t\t\t\t<div class=\"elementor-element elementor-element-eda7069 elementor-widget elementor-widget-heading\" data-id=\"eda7069\" data-element_type=\"widget\" data-e-type=\"widget\" data-widget_type=\"heading.default\">\n\t\t\t\t<div class=\"elementor-widget-container\">\n\t\t\t\t\t<h2 class=\"elementor-heading-title elementor-size-default\">Alternatiivmuusika \u00fcritused<\/h2>\t\t\t\t<\/div>\n\t\t\t\t<\/div>\n\t\t\t\t\t<\/div>\n\t\t<\/div>\n\t\t\t\t\t<\/div>\n\t\t<\/section>\n\t\t\t\t<section class=\"elementor-section elementor-top-section elementor-element elementor-element-71226b0 elementor-section-boxed elementor-section-height-default elementor-section-height-default\" data-id=\"71226b0\" data-element_type=\"section\" data-e-type=\"section\">\n\t\t\t\t\t\t<div class=\"elementor-container elementor-column-gap-default\">\n\t\t\t\t\t<div class=\"elementor-column elementor-col-66 elementor-top-column elementor-element elementor-element-4c29b7f\" data-id=\"4c29b7f\" data-element_type=\"column\" data-e-type=\"column\">\n\t\t\t<div class=\"elementor-widget-wrap elementor-element-populated\">\n\t\t\t\t\t\t<div class=\"elementor-element elementor-element-b2a3f9d elementor-arrows-position-inside elementor-widget elementor-widget-image-carousel\" data-id=\"b2a3f9d\" data-element_type=\"widget\" data-e-type=\"widget\" data-settings=\"{&quot;slides_to_show&quot;:&quot;1&quot;,&quot;navigation&quot;:&quot;arrows&quot;,&quot;autoplay_speed&quot;:3000,&quot;autoplay&quot;:&quot;yes&quot;,&quot;pause_on_hover&quot;:&quot;yes&quot;,&quot;pause_on_interaction&quot;:&quot;yes&quot;,&quot;infinite&quot;:&quot;yes&quot;,&quot;effect&quot;:&quot;slide&quot;,&quot;speed&quot;:500}\" data-widget_type=\"image-carousel.default\">\n\t\t\t\t<div class=\"elementor-widget-container\">\n\t\t\t\t\t\t\t<div class=\"elementor-image-carousel-wrapper swiper\" role=\"region\" aria-roledescription=\"carousel\" aria-label=\"Image Carousel\" dir=\"ltr\">\n\t\t\t<div class=\"elementor-image-carousel swiper-wrapper\" aria-live=\"off\">\n\t\t\t\t\t\t\t\t<div class=\"swiper-slide\" role=\"group\" aria-roledescription=\"slide\" aria-label=\"1 of 5\"><figure class=\"swiper-slide-inner\"><img decoding=\"async\" class=\"swiper-slide-image\" src=\"https:\/\/meeskond.ee\/wp-content\/uploads\/2022\/06\/DSC3244.jpg\" alt=\"DSC3244\" \/><\/figure><\/div><div class=\"swiper-slide\" role=\"group\" aria-roledescription=\"slide\" aria-label=\"2 of 5\"><figure class=\"swiper-slide-inner\"><img decoding=\"async\" class=\"swiper-slide-image\" src=\"https:\/\/meeskond.ee\/wp-content\/uploads\/2022\/06\/Club-Vision-2007-069.jpg\" alt=\"Club-Vision-2007-069\" \/><\/figure><\/div><div class=\"swiper-slide\" role=\"group\" aria-roledescription=\"slide\" aria-label=\"3 of 5\"><figure class=\"swiper-slide-inner\"><img decoding=\"async\" class=\"swiper-slide-image\" src=\"https:\/\/meeskond.ee\/wp-content\/uploads\/2022\/06\/DSC_9965-1.jpg\" alt=\"DSC_9965 (1)\" \/><\/figure><\/div><div class=\"swiper-slide\" role=\"group\" aria-roledescription=\"slide\" aria-label=\"4 of 5\"><figure class=\"swiper-slide-inner\"><img decoding=\"async\" class=\"swiper-slide-image\" src=\"https:\/\/meeskond.ee\/wp-content\/uploads\/2022\/06\/DSC3349.jpg\" alt=\"DSC3349\" \/><\/figure><\/div><div class=\"swiper-slide\" role=\"group\" aria-roledescription=\"slide\" aria-label=\"5 of 5\"><figure class=\"swiper-slide-inner\"><img decoding=\"async\" class=\"swiper-slide-image\" src=\"https:\/\/meeskond.ee\/wp-content\/uploads\/2022\/05\/DSC3145.jpg\" alt=\"Alternatiivmuusika \u00fcritused\" \/><\/figure><\/div>\t\t\t<\/div>\n\t\t\t\t\t\t\t\t\t\t\t\t<div class=\"elementor-swiper-button elementor-swiper-button-prev\" role=\"button\" tabindex=\"0\">\n\t\t\t\t\t\t<i aria-hidden=\"true\" class=\"eicon-chevron-left\"><\/i>\t\t\t\t\t<\/div>\n\t\t\t\t\t<div class=\"elementor-swiper-button elementor-swiper-button-next\" role=\"button\" tabindex=\"0\">\n\t\t\t\t\t\t<i aria-hidden=\"true\" class=\"eicon-chevron-right\"><\/i>\t\t\t\t\t<\/div>\n\t\t\t\t\n\t\t\t\t\t\t\t\t\t<\/div>\n\t\t\t\t\t\t<\/div>\n\t\t\t\t<\/div>\n\t\t\t\t\t<\/div>\n\t\t<\/div>\n\t\t\t\t<div class=\"elementor-column elementor-col-33 elementor-top-column elementor-element elementor-element-a712673\" data-id=\"a712673\" data-element_type=\"column\" data-e-type=\"column\">\n\t\t\t<div class=\"elementor-widget-wrap elementor-element-populated\">\n\t\t\t\t\t\t<div class=\"elementor-element elementor-element-74f0ca8 elementor-widget elementor-widget-heading\" data-id=\"74f0ca8\" data-element_type=\"widget\" data-e-type=\"widget\" data-widget_type=\"heading.default\">\n\t\t\t\t<div class=\"elementor-widget-container\">\n\t\t\t\t\t<h2 class=\"elementor-heading-title elementor-size-default\">Tehtud \u00fcritused<\/h2>\t\t\t\t<\/div>\n\t\t\t\t<\/div>\n\t\t\t\t<div class=\"elementor-element elementor-element-d047f99 elementor-widget elementor-widget-text-editor\" data-id=\"d047f99\" data-element_type=\"widget\" data-e-type=\"widget\" data-widget_type=\"text-editor.default\">\n\t\t\t\t<div class=\"elementor-widget-container\">\n\t\t\t\t\t\t\t\t\t<p>GRIND FEST AUTO24 RINGIL \u2022<br \/>OPERATSIOON B \u2022<br \/>HEAVEN IN HELL \u2022<br \/>SUN DANCE MUSIC FESTIVAL \u2022<br \/>VIBE \u2022<br \/>KL\u00c4SSIKS \u2022<br \/>CIRCULATION \u2022<br \/>HARD METAL CLUB<\/p>\t\t\t\t\t\t\t\t<\/div>\n\t\t\t\t<\/div>\n\t\t\t\t\t<\/div>\n\t\t<\/div>\n\t\t\t\t\t<\/div>\n\t\t<\/section>\n\t\t\t\t<section class=\"elementor-section elementor-top-section elementor-element elementor-element-b90e074 elementor-section-boxed elementor-section-height-default elementor-section-height-default\" data-id=\"b90e074\" data-element_type=\"section\" data-e-type=\"section\">\n\t\t\t\t\t\t<div class=\"elementor-container elementor-column-gap-default\">\n\t\t\t\t\t<div class=\"elementor-column elementor-col-100 elementor-top-column elementor-element elementor-element-e18cbaa\" data-id=\"e18cbaa\" data-element_type=\"column\" data-e-type=\"column\">\n\t\t\t<div class=\"elementor-widget-wrap elementor-element-populated\">\n\t\t\t\t\t\t<div class=\"elementor-element elementor-element-3b46071 elementor-widget elementor-widget-spacer\" data-id=\"3b46071\" data-element_type=\"widget\" data-e-type=\"widget\" data-widget_type=\"spacer.default\">\n\t\t\t\t<div class=\"elementor-widget-container\">\n\t\t\t\t\t\t\t<div class=\"elementor-spacer\">\n\t\t\t<div class=\"elementor-spacer-inner\"><\/div>\n\t\t<\/div>\n\t\t\t\t\t\t<\/div>\n\t\t\t\t<\/div>\n\t\t\t\t\t<\/div>\n\t\t<\/div>\n\t\t\t\t\t<\/div>\n\t\t<\/section>\n\t\t\t\t<\/div>","protected":false},"excerpt":{"rendered":"<p>Alternatiivmuusika \u00fcritused Previous Next Tehtud \u00fcritused GRIND FEST AUTO24 RINGIL \u2022OPERATSIOON B \u2022HEAVEN IN HELL \u2022SUN DANCE MUSIC FESTIVAL \u2022VIBE \u2022KL\u00c4SSIKS \u2022CIRCULATION \u2022HARD METAL CLUB<\/p>","protected":false},"author":1,"featured_media":0,"parent":0,"menu_order":0,"comment_status":"closed","ping_status":"closed","template":"elementor_header_footer","meta":{"neve_meta_sidebar":"","neve_meta_container":"","neve_meta_enable_content_width":"","neve_meta_content_width":0,"neve_meta_title_alignment":"","neve_meta_author_avatar":"","neve_post_elements_order":"","neve_meta_disable_header":"","neve_meta_disable_footer":"","neve_meta_disable_title":"","footnotes":""},"class_list":["post-452","page","type-page","status-publish","hentry"],"yoast_head":"<!-- This site is optimized with the Yoast SEO plugin v26.9 - https:\/\/yoast.com\/product\/yoast-seo-wordpress\/ -->\n<title>Alternatiivmuusika \u00fcritused - MEESKOND<\/title>\n<meta name=\"robots\" content=\"index, follow, max-snippet:-1, max-image-preview:large, max-video-preview:-1\" \/>\n<link rel=\"canonical\" href=\"https:\/\/www.meeskond.ee\/alternatiivmuusika-uritused\/\" \/>\n<meta property=\"og:locale\" content=\"en_US\" \/>\n<meta property=\"og:type\" content=\"article\" \/>\n<meta property=\"og:title\" content=\"Alternatiivmuusika \u00fcritused - MEESKOND\" \/>\n<meta property=\"og:description\" content=\"Alternatiivmuusika \u00fcritused Previous Next Tehtud \u00fcritused GRIND FEST AUTO24 RINGIL \u2022OPERATSIOON B \u2022HEAVEN IN HELL \u2022SUN DANCE MUSIC FESTIVAL \u2022VIBE \u2022KL\u00c4SSIKS \u2022CIRCULATION \u2022HARD METAL CLUB\" \/>\n<meta property=\"og:url\" content=\"https:\/\/www.meeskond.ee\/alternatiivmuusika-uritused\/\" \/>\n<meta property=\"og:site_name\" content=\"MEESKOND\" \/>\n<meta property=\"article:publisher\" content=\"https:\/\/www.facebook.com\/meeskond\" \/>\n<meta property=\"article:modified_time\" content=\"2023-03-08T04:23:07+00:00\" \/>\n<meta property=\"og:image\" content=\"http:\/\/www.meeskond.ee\/wp-content\/uploads\/2022\/06\/DSC3244.jpg\" \/>\n<meta name=\"twitter:card\" content=\"summary_large_image\" \/>\n<meta name=\"twitter:label1\" content=\"Est. reading time\" \/>\n\t<meta name=\"twitter:data1\" content=\"2 minutes\" \/>\n<script type=\"application\/ld+json\" class=\"yoast-schema-graph\">{\"@context\":\"https:\/\/schema.org\",\"@graph\":[{\"@type\":\"WebPage\",\"@id\":\"https:\/\/www.meeskond.ee\/alternatiivmuusika-uritused\/\",\"url\":\"https:\/\/www.meeskond.ee\/alternatiivmuusika-uritused\/\",\"name\":\"Alternatiivmuusika \u00fcritused - MEESKOND\",\"isPartOf\":{\"@id\":\"https:\/\/meeskond.ee\/#website\"},\"primaryImageOfPage\":{\"@id\":\"https:\/\/www.meeskond.ee\/alternatiivmuusika-uritused\/#primaryimage\"},\"image\":{\"@id\":\"https:\/\/www.meeskond.ee\/alternatiivmuusika-uritused\/#primaryimage\"},\"thumbnailUrl\":\"http:\/\/www.meeskond.ee\/wp-content\/uploads\/2022\/06\/DSC3244.jpg\",\"datePublished\":\"2022-05-29T10:55:46+00:00\",\"dateModified\":\"2023-03-08T04:23:07+00:00\",\"breadcrumb\":{\"@id\":\"https:\/\/www.meeskond.ee\/alternatiivmuusika-uritused\/#breadcrumb\"},\"inLanguage\":\"en-US\",\"potentialAction\":[{\"@type\":\"ReadAction\",\"target\":[\"https:\/\/www.meeskond.ee\/alternatiivmuusika-uritused\/\"]}]},{\"@type\":\"ImageObject\",\"inLanguage\":\"en-US\",\"@id\":\"https:\/\/www.meeskond.ee\/alternatiivmuusika-uritused\/#primaryimage\",\"url\":\"http:\/\/www.meeskond.ee\/wp-content\/uploads\/2022\/06\/DSC3244.jpg\",\"contentUrl\":\"http:\/\/www.meeskond.ee\/wp-content\/uploads\/2022\/06\/DSC3244.jpg\"},{\"@type\":\"BreadcrumbList\",\"@id\":\"https:\/\/www.meeskond.ee\/alternatiivmuusika-uritused\/#breadcrumb\",\"itemListElement\":[{\"@type\":\"ListItem\",\"position\":1,\"name\":\"Avaleht\",\"item\":\"https:\/\/meeskond.ee\/\"},{\"@type\":\"ListItem\",\"position\":2,\"name\":\"Alternatiivmuusika \u00fcritused\"}]},{\"@type\":\"WebSite\",\"@id\":\"https:\/\/meeskond.ee\/#website\",\"url\":\"https:\/\/meeskond.ee\/\",\"name\":\"MEESKOND\",\"description\":\"\",\"publisher\":{\"@id\":\"https:\/\/meeskond.ee\/#organization\"},\"potentialAction\":[{\"@type\":\"SearchAction\",\"target\":{\"@type\":\"EntryPoint\",\"urlTemplate\":\"https:\/\/meeskond.ee\/?s={search_term_string}\"},\"query-input\":{\"@type\":\"PropertyValueSpecification\",\"valueRequired\":true,\"valueName\":\"search_term_string\"}}],\"inLanguage\":\"en-US\"},{\"@type\":\"Organization\",\"@id\":\"https:\/\/meeskond.ee\/#organization\",\"name\":\"Meeskond Security\",\"url\":\"https:\/\/meeskond.ee\/\",\"logo\":{\"@type\":\"ImageObject\",\"inLanguage\":\"en-US\",\"@id\":\"https:\/\/meeskond.ee\/#\/schema\/logo\/image\/\",\"url\":\"https:\/\/www.meeskond.ee\/wp-content\/uploads\/2022\/07\/meeskond_security_RGB.jpeg\",\"contentUrl\":\"https:\/\/www.meeskond.ee\/wp-content\/uploads\/2022\/07\/meeskond_security_RGB.jpeg\",\"width\":1280,\"height\":371,\"caption\":\"Meeskond Security\"},\"image\":{\"@id\":\"https:\/\/meeskond.ee\/#\/schema\/logo\/image\/\"},\"sameAs\":[\"https:\/\/www.facebook.com\/meeskond\",\"https:\/\/www.instagram.com\/meeskond_security\/?hl=en\"]}]}<\/script>\n<!-- \/ Yoast SEO plugin. -->","yoast_head_json":{"title":"Alternatiivmuusika \u00fcritused - MEESKOND","robots":{"index":"index","follow":"follow","max-snippet":"max-snippet:-1","max-image-preview":"max-image-preview:large","max-video-preview":"max-video-preview:-1"},"canonical":"https:\/\/www.meeskond.ee\/alternatiivmuusika-uritused\/","og_locale":"en_US","og_type":"article","og_title":"Alternatiivmuusika \u00fcritused - MEESKOND","og_description":"Alternatiivmuusika \u00fcritused Previous Next Tehtud \u00fcritused GRIND FEST AUTO24 RINGIL \u2022OPERATSIOON B \u2022HEAVEN IN HELL \u2022SUN DANCE MUSIC FESTIVAL \u2022VIBE \u2022KL\u00c4SSIKS \u2022CIRCULATION \u2022HARD METAL CLUB","og_url":"https:\/\/www.meeskond.ee\/alternatiivmuusika-uritused\/","og_site_name":"MEESKOND","article_publisher":"https:\/\/www.facebook.com\/meeskond","article_modified_time":"2023-03-08T04:23:07+00:00","og_image":[{"url":"http:\/\/www.meeskond.ee\/wp-content\/uploads\/2022\/06\/DSC3244.jpg","type":"","width":"","height":""}],"twitter_card":"summary_large_image","twitter_misc":{"Est. reading time":"2 minutes"},"schema":{"@context":"https:\/\/schema.org","@graph":[{"@type":"WebPage","@id":"https:\/\/www.meeskond.ee\/alternatiivmuusika-uritused\/","url":"https:\/\/www.meeskond.ee\/alternatiivmuusika-uritused\/","name":"Alternatiivmuusika \u00fcritused - MEESKOND","isPartOf":{"@id":"https:\/\/meeskond.ee\/#website"},"primaryImageOfPage":{"@id":"https:\/\/www.meeskond.ee\/alternatiivmuusika-uritused\/#primaryimage"},"image":{"@id":"https:\/\/www.meeskond.ee\/alternatiivmuusika-uritused\/#primaryimage"},"thumbnailUrl":"http:\/\/www.meeskond.ee\/wp-content\/uploads\/2022\/06\/DSC3244.jpg","datePublished":"2022-05-29T10:55:46+00:00","dateModified":"2023-03-08T04:23:07+00:00","breadcrumb":{"@id":"https:\/\/www.meeskond.ee\/alternatiivmuusika-uritused\/#breadcrumb"},"inLanguage":"en-US","potentialAction":[{"@type":"ReadAction","target":["https:\/\/www.meeskond.ee\/alternatiivmuusika-uritused\/"]}]},{"@type":"ImageObject","inLanguage":"en-US","@id":"https:\/\/www.meeskond.ee\/alternatiivmuusika-uritused\/#primaryimage","url":"http:\/\/www.meeskond.ee\/wp-content\/uploads\/2022\/06\/DSC3244.jpg","contentUrl":"http:\/\/www.meeskond.ee\/wp-content\/uploads\/2022\/06\/DSC3244.jpg"},{"@type":"BreadcrumbList","@id":"https:\/\/www.meeskond.ee\/alternatiivmuusika-uritused\/#breadcrumb","itemListElement":[{"@type":"ListItem","position":1,"name":"Avaleht","item":"https:\/\/meeskond.ee\/"},{"@type":"ListItem","position":2,"name":"Alternatiivmuusika \u00fcritused"}]},{"@type":"WebSite","@id":"https:\/\/meeskond.ee\/#website","url":"https:\/\/meeskond.ee\/","name":"MEESKOND","description":"","publisher":{"@id":"https:\/\/meeskond.ee\/#organization"},"potentialAction":[{"@type":"SearchAction","target":{"@type":"EntryPoint","urlTemplate":"https:\/\/meeskond.ee\/?s={search_term_string}"},"query-input":{"@type":"PropertyValueSpecification","valueRequired":true,"valueName":"search_term_string"}}],"inLanguage":"en-US"},{"@type":"Organization","@id":"https:\/\/meeskond.ee\/#organization","name":"Meeskond Security","url":"https:\/\/meeskond.ee\/","logo":{"@type":"ImageObject","inLanguage":"en-US","@id":"https:\/\/meeskond.ee\/#\/schema\/logo\/image\/","url":"https:\/\/www.meeskond.ee\/wp-content\/uploads\/2022\/07\/meeskond_security_RGB.jpeg","contentUrl":"https:\/\/www.meeskond.ee\/wp-content\/uploads\/2022\/07\/meeskond_security_RGB.jpeg","width":1280,"height":371,"caption":"Meeskond Security"},"image":{"@id":"https:\/\/meeskond.ee\/#\/schema\/logo\/image\/"},"sameAs":["https:\/\/www.facebook.com\/meeskond","https:\/\/www.instagram.com\/meeskond_security\/?hl=en"]}]}},"_links":{"self":[{"href":"https:\/\/meeskond.ee\/en\/wp-json\/wp\/v2\/pages\/452","targetHints":{"allow":["GET"]}}],"collection":[{"href":"https:\/\/meeskond.ee\/en\/wp-json\/wp\/v2\/pages"}],"about":[{"href":"https:\/\/meeskond.ee\/en\/wp-json\/wp\/v2\/types\/page"}],"author":[{"embeddable":true,"href":"https:\/\/meeskond.ee\/en\/wp-json\/wp\/v2\/users\/1"}],"replies":[{"embeddable":true,"href":"https:\/\/meeskond.ee\/en\/wp-json\/wp\/v2\/comments?post=452"}],"version-history":[{"count":5,"href":"https:\/\/meeskond.ee\/en\/wp-json\/wp\/v2\/pages\/452\/revisions"}],"predecessor-version":[{"id":1385,"href":"https:\/\/meeskond.ee\/en\/wp-json\/wp\/v2\/pages\/452\/revisions\/1385"}],"wp:attachment":[{"href":"https:\/\/meeskond.ee\/en\/wp-json\/wp\/v2\/media?parent=452"}],"curies":[{"name":"wp","href":"https:\/\/api.w.org\/{rel}","templated":true}]}}