{"id":499,"date":"2022-05-29T11:17:00","date_gmt":"2022-05-29T11:17:00","guid":{"rendered":"https:\/\/excitable-picture.localsite.io\/?page_id=499"},"modified":"2023-03-08T04:23:15","modified_gmt":"2023-03-08T04:23:15","slug":"muud-uritused","status":"publish","type":"page","link":"https:\/\/meeskond.ee\/en\/muud-uritused\/","title":{"rendered":"Muud \u00fcritused"},"content":{"rendered":"<div data-elementor-type=\"wp-page\" data-elementor-id=\"499\" class=\"elementor elementor-499\">\n\t\t\t\t\t\t<section class=\"elementor-section elementor-top-section elementor-element elementor-element-7134998 elementor-section-boxed elementor-section-height-default elementor-section-height-default\" data-id=\"7134998\" data-element_type=\"section\" data-e-type=\"section\">\n\t\t\t\t\t\t<div class=\"elementor-container elementor-column-gap-default\">\n\t\t\t\t\t<div class=\"elementor-column elementor-col-100 elementor-top-column elementor-element elementor-element-d25a70b\" data-id=\"d25a70b\" data-element_type=\"column\" data-e-type=\"column\">\n\t\t\t<div class=\"elementor-widget-wrap elementor-element-populated\">\n\t\t\t\t\t\t<div class=\"elementor-element elementor-element-9627b18 elementor-widget elementor-widget-spacer\" data-id=\"9627b18\" data-element_type=\"widget\" data-e-type=\"widget\" data-widget_type=\"spacer.default\">\n\t\t\t\t<div class=\"elementor-widget-container\">\n\t\t\t\t\t\t\t<div class=\"elementor-spacer\">\n\t\t\t<div class=\"elementor-spacer-inner\"><\/div>\n\t\t<\/div>\n\t\t\t\t\t\t<\/div>\n\t\t\t\t<\/div>\n\t\t\t\t<div class=\"elementor-element elementor-element-eda7069 elementor-widget elementor-widget-heading\" data-id=\"eda7069\" data-element_type=\"widget\" data-e-type=\"widget\" data-widget_type=\"heading.default\">\n\t\t\t\t<div class=\"elementor-widget-container\">\n\t\t\t\t\t<h2 class=\"elementor-heading-title elementor-size-default\">Muud \u00fcritused<\/h2>\t\t\t\t<\/div>\n\t\t\t\t<\/div>\n\t\t\t\t\t<\/div>\n\t\t<\/div>\n\t\t\t\t\t<\/div>\n\t\t<\/section>\n\t\t\t\t<section class=\"elementor-section elementor-top-section elementor-element elementor-element-71226b0 elementor-section-boxed elementor-section-height-default elementor-section-height-default\" data-id=\"71226b0\" data-element_type=\"section\" data-e-type=\"section\">\n\t\t\t\t\t\t<div class=\"elementor-container elementor-column-gap-default\">\n\t\t\t\t\t<div class=\"elementor-column elementor-col-66 elementor-top-column elementor-element elementor-element-4c29b7f\" data-id=\"4c29b7f\" data-element_type=\"column\" data-e-type=\"column\">\n\t\t\t<div class=\"elementor-widget-wrap elementor-element-populated\">\n\t\t\t\t\t\t<div class=\"elementor-element elementor-element-b2a3f9d elementor-arrows-position-inside elementor-widget elementor-widget-image-carousel\" data-id=\"b2a3f9d\" data-element_type=\"widget\" data-e-type=\"widget\" data-settings=\"{&quot;slides_to_show&quot;:&quot;1&quot;,&quot;navigation&quot;:&quot;arrows&quot;,&quot;autoplay_speed&quot;:3000,&quot;autoplay&quot;:&quot;yes&quot;,&quot;pause_on_hover&quot;:&quot;yes&quot;,&quot;pause_on_interaction&quot;:&quot;yes&quot;,&quot;infinite&quot;:&quot;yes&quot;,&quot;effect&quot;:&quot;slide&quot;,&quot;speed&quot;:500}\" data-widget_type=\"image-carousel.default\">\n\t\t\t\t<div class=\"elementor-widget-container\">\n\t\t\t\t\t\t\t<div class=\"elementor-image-carousel-wrapper swiper\" role=\"region\" aria-roledescription=\"carousel\" aria-label=\"Image Carousel\" dir=\"ltr\">\n\t\t\t<div class=\"elementor-image-carousel swiper-wrapper\" aria-live=\"off\">\n\t\t\t\t\t\t\t\t<div class=\"swiper-slide\" role=\"group\" aria-roledescription=\"slide\" aria-label=\"1 of 3\"><figure class=\"swiper-slide-inner\"><img decoding=\"async\" class=\"swiper-slide-image\" src=\"https:\/\/meeskond.ee\/wp-content\/uploads\/2022\/05\/DSC00935.jpg\" alt=\"DSC00935\" \/><\/figure><\/div><div class=\"swiper-slide\" role=\"group\" aria-roledescription=\"slide\" aria-label=\"2 of 3\"><figure class=\"swiper-slide-inner\"><img decoding=\"async\" class=\"swiper-slide-image\" src=\"https:\/\/meeskond.ee\/wp-content\/uploads\/2022\/06\/DSC02465.jpg\" alt=\"DSC02465\" \/><\/figure><\/div><div class=\"swiper-slide\" role=\"group\" aria-roledescription=\"slide\" aria-label=\"3 of 3\"><figure class=\"swiper-slide-inner\"><img decoding=\"async\" class=\"swiper-slide-image\" src=\"https:\/\/meeskond.ee\/wp-content\/uploads\/2022\/06\/Rattapatrull.jpg\" alt=\"Rattapatrull\" \/><\/figure><\/div>\t\t\t<\/div>\n\t\t\t\t\t\t\t\t\t\t\t\t<div class=\"elementor-swiper-button elementor-swiper-button-prev\" role=\"button\" tabindex=\"0\">\n\t\t\t\t\t\t<i aria-hidden=\"true\" class=\"eicon-chevron-left\"><\/i>\t\t\t\t\t<\/div>\n\t\t\t\t\t<div class=\"elementor-swiper-button elementor-swiper-button-next\" role=\"button\" tabindex=\"0\">\n\t\t\t\t\t\t<i aria-hidden=\"true\" class=\"eicon-chevron-right\"><\/i>\t\t\t\t\t<\/div>\n\t\t\t\t\n\t\t\t\t\t\t\t\t\t<\/div>\n\t\t\t\t\t\t<\/div>\n\t\t\t\t<\/div>\n\t\t\t\t\t<\/div>\n\t\t<\/div>\n\t\t\t\t<div class=\"elementor-column elementor-col-33 elementor-top-column elementor-element elementor-element-a712673\" data-id=\"a712673\" data-element_type=\"column\" data-e-type=\"column\">\n\t\t\t<div class=\"elementor-widget-wrap elementor-element-populated\">\n\t\t\t\t\t\t<div class=\"elementor-element elementor-element-74f0ca8 elementor-widget elementor-widget-heading\" data-id=\"74f0ca8\" data-element_type=\"widget\" data-e-type=\"widget\" data-widget_type=\"heading.default\">\n\t\t\t\t<div class=\"elementor-widget-container\">\n\t\t\t\t\t<h2 class=\"elementor-heading-title elementor-size-default\">Tehtud \u00fcritused<\/h2>\t\t\t\t<\/div>\n\t\t\t\t<\/div>\n\t\t\t\t<div class=\"elementor-element elementor-element-d047f99 elementor-widget elementor-widget-text-editor\" data-id=\"d047f99\" data-element_type=\"widget\" data-e-type=\"widget\" data-widget_type=\"text-editor.default\">\n\t\t\t\t<div class=\"elementor-widget-container\">\n\t\t\t\t\t\t\t\t\t<p>AMERICAN BEUTY CAR SHOW \u2022<br \/>TEEVIIT \u2022<br \/>AUTO24RING MOTOV\u00d5ISTLUSED \u2022<br \/>LAURI AUSI M\u00c4LESTUSV\u00d5ISTLUS \u2022<br \/>TEATETANTS \u2022<br \/>ROHELISTE RATTARETKED \u2022<br \/>PALDISKI LINNAP\u00c4EVAD \u2022<br \/>KASKAD\u00d6\u00d6RIDE V\u00d5ISTLUSED \u2022<br \/>KARDIV\u00d5ISTLUS TULIRING \u2022<br \/>TALLINNA SPRINT \u2022<br \/>JEEBI RALLI \u2022<br \/>MONSTER TRUCK SHOW HIPODROOMIL \u2022<br \/>WHISKY WINTER \u2022<br \/>V\u00d5IMLEMISPIDU \u2022<br \/>K\u00dcLAP\u00c4EVAD (NISSI, LEHETU, HARKU, VANAM\u00d5ISA) \u2022<br \/>HARMOONIKA P\u00d5LVAS \u2022<br \/>RIDALI LAHEDALT LENDAME LENNU\u00dcRITUS<\/p>\t\t\t\t\t\t\t\t<\/div>\n\t\t\t\t<\/div>\n\t\t\t\t\t<\/div>\n\t\t<\/div>\n\t\t\t\t\t<\/div>\n\t\t<\/section>\n\t\t\t\t<section class=\"elementor-section elementor-top-section elementor-element elementor-element-b90e074 elementor-section-boxed elementor-section-height-default elementor-section-height-default\" data-id=\"b90e074\" data-element_type=\"section\" data-e-type=\"section\">\n\t\t\t\t\t\t<div class=\"elementor-container elementor-column-gap-default\">\n\t\t\t\t\t<div class=\"elementor-column elementor-col-100 elementor-top-column elementor-element elementor-element-e18cbaa\" data-id=\"e18cbaa\" data-element_type=\"column\" data-e-type=\"column\">\n\t\t\t<div class=\"elementor-widget-wrap elementor-element-populated\">\n\t\t\t\t\t\t<div class=\"elementor-element elementor-element-3b46071 elementor-widget elementor-widget-spacer\" data-id=\"3b46071\" data-element_type=\"widget\" data-e-type=\"widget\" data-widget_type=\"spacer.default\">\n\t\t\t\t<div class=\"elementor-widget-container\">\n\t\t\t\t\t\t\t<div class=\"elementor-spacer\">\n\t\t\t<div class=\"elementor-spacer-inner\"><\/div>\n\t\t<\/div>\n\t\t\t\t\t\t<\/div>\n\t\t\t\t<\/div>\n\t\t\t\t\t<\/div>\n\t\t<\/div>\n\t\t\t\t\t<\/div>\n\t\t<\/section>\n\t\t\t\t<\/div>","protected":false},"excerpt":{"rendered":"<p>Muud \u00fcritused Previous Next Tehtud \u00fcritused AMERICAN BEUTY CAR SHOW \u2022TEEVIIT \u2022AUTO24RING MOTOV\u00d5ISTLUSED \u2022LAURI AUSI M\u00c4LESTUSV\u00d5ISTLUS \u2022TEATETANTS \u2022ROHELISTE RATTARETKED \u2022PALDISKI LINNAP\u00c4EVAD \u2022KASKAD\u00d6\u00d6RIDE V\u00d5ISTLUSED \u2022KARDIV\u00d5ISTLUS TULIRING \u2022TALLINNA SPRINT \u2022JEEBI RALLI \u2022MONSTER TRUCK SHOW HIPODROOMIL \u2022WHISKY WINTER \u2022V\u00d5IMLEMISPIDU \u2022K\u00dcLAP\u00c4EVAD (NISSI, LEHETU, HARKU, VANAM\u00d5ISA) \u2022HARMOONIKA P\u00d5LVAS \u2022RIDALI LAHEDALT LENDAME LENNU\u00dcRITUS<\/p>","protected":false},"author":1,"featured_media":0,"parent":0,"menu_order":0,"comment_status":"closed","ping_status":"closed","template":"elementor_header_footer","meta":{"neve_meta_sidebar":"","neve_meta_container":"","neve_meta_enable_content_width":"","neve_meta_content_width":0,"neve_meta_title_alignment":"","neve_meta_author_avatar":"","neve_post_elements_order":"","neve_meta_disable_header":"","neve_meta_disable_footer":"","neve_meta_disable_title":"","footnotes":""},"class_list":["post-499","page","type-page","status-publish","hentry"],"yoast_head":"<!-- This site is optimized with the Yoast SEO plugin v26.9 - https:\/\/yoast.com\/product\/yoast-seo-wordpress\/ -->\n<title>Muud \u00fcritused - MEESKOND<\/title>\n<meta name=\"robots\" content=\"index, follow, max-snippet:-1, max-image-preview:large, max-video-preview:-1\" \/>\n<link rel=\"canonical\" href=\"https:\/\/meeskond.ee\/en\/muud-uritused\/\" \/>\n<meta property=\"og:locale\" content=\"en_US\" \/>\n<meta property=\"og:type\" content=\"article\" \/>\n<meta property=\"og:title\" content=\"Muud \u00fcritused - MEESKOND\" \/>\n<meta property=\"og:description\" content=\"Muud \u00fcritused Previous Next Tehtud \u00fcritused AMERICAN BEUTY CAR SHOW \u2022TEEVIIT \u2022AUTO24RING MOTOV\u00d5ISTLUSED \u2022LAURI AUSI M\u00c4LESTUSV\u00d5ISTLUS \u2022TEATETANTS \u2022ROHELISTE RATTARETKED \u2022PALDISKI LINNAP\u00c4EVAD \u2022KASKAD\u00d6\u00d6RIDE V\u00d5ISTLUSED \u2022KARDIV\u00d5ISTLUS TULIRING \u2022TALLINNA SPRINT \u2022JEEBI RALLI \u2022MONSTER TRUCK SHOW HIPODROOMIL \u2022WHISKY WINTER \u2022V\u00d5IMLEMISPIDU \u2022K\u00dcLAP\u00c4EVAD (NISSI, LEHETU, HARKU, VANAM\u00d5ISA) \u2022HARMOONIKA P\u00d5LVAS \u2022RIDALI LAHEDALT LENDAME LENNU\u00dcRITUS\" \/>\n<meta property=\"og:url\" content=\"https:\/\/meeskond.ee\/en\/muud-uritused\/\" \/>\n<meta property=\"og:site_name\" content=\"MEESKOND\" \/>\n<meta property=\"article:publisher\" content=\"https:\/\/www.facebook.com\/meeskond\" \/>\n<meta property=\"article:modified_time\" content=\"2023-03-08T04:23:15+00:00\" \/>\n<meta property=\"og:image\" content=\"http:\/\/www.meeskond.ee\/wp-content\/uploads\/2022\/05\/DSC00935.jpg\" \/>\n<meta name=\"twitter:card\" content=\"summary_large_image\" \/>\n<meta name=\"twitter:label1\" content=\"Est. reading time\" \/>\n\t<meta name=\"twitter:data1\" content=\"2 minutes\" \/>\n<script type=\"application\/ld+json\" class=\"yoast-schema-graph\">{\"@context\":\"https:\/\/schema.org\",\"@graph\":[{\"@type\":\"WebPage\",\"@id\":\"https:\/\/meeskond.ee\/muud-uritused\/\",\"url\":\"https:\/\/meeskond.ee\/muud-uritused\/\",\"name\":\"Muud \u00fcritused - MEESKOND\",\"isPartOf\":{\"@id\":\"http:\/\/www.meeskond.ee\/#website\"},\"primaryImageOfPage\":{\"@id\":\"https:\/\/meeskond.ee\/muud-uritused\/#primaryimage\"},\"image\":{\"@id\":\"https:\/\/meeskond.ee\/muud-uritused\/#primaryimage\"},\"thumbnailUrl\":\"http:\/\/www.meeskond.ee\/wp-content\/uploads\/2022\/05\/DSC00935.jpg\",\"datePublished\":\"2022-05-29T11:17:00+00:00\",\"dateModified\":\"2023-03-08T04:23:15+00:00\",\"breadcrumb\":{\"@id\":\"https:\/\/meeskond.ee\/muud-uritused\/#breadcrumb\"},\"inLanguage\":\"en-US\",\"potentialAction\":[{\"@type\":\"ReadAction\",\"target\":[\"https:\/\/meeskond.ee\/muud-uritused\/\"]}]},{\"@type\":\"ImageObject\",\"inLanguage\":\"en-US\",\"@id\":\"https:\/\/meeskond.ee\/muud-uritused\/#primaryimage\",\"url\":\"http:\/\/www.meeskond.ee\/wp-content\/uploads\/2022\/05\/DSC00935.jpg\",\"contentUrl\":\"http:\/\/www.meeskond.ee\/wp-content\/uploads\/2022\/05\/DSC00935.jpg\"},{\"@type\":\"BreadcrumbList\",\"@id\":\"https:\/\/meeskond.ee\/muud-uritused\/#breadcrumb\",\"itemListElement\":[{\"@type\":\"ListItem\",\"position\":1,\"name\":\"Avaleht\",\"item\":\"https:\/\/www.meeskond.ee\/\"},{\"@type\":\"ListItem\",\"position\":2,\"name\":\"Muud \u00fcritused\"}]},{\"@type\":\"WebSite\",\"@id\":\"http:\/\/www.meeskond.ee\/#website\",\"url\":\"http:\/\/www.meeskond.ee\/\",\"name\":\"MEESKOND\",\"description\":\"\",\"publisher\":{\"@id\":\"http:\/\/www.meeskond.ee\/#organization\"},\"potentialAction\":[{\"@type\":\"SearchAction\",\"target\":{\"@type\":\"EntryPoint\",\"urlTemplate\":\"http:\/\/www.meeskond.ee\/?s={search_term_string}\"},\"query-input\":{\"@type\":\"PropertyValueSpecification\",\"valueRequired\":true,\"valueName\":\"search_term_string\"}}],\"inLanguage\":\"en-US\"},{\"@type\":\"Organization\",\"@id\":\"http:\/\/www.meeskond.ee\/#organization\",\"name\":\"Meeskond Security\",\"url\":\"http:\/\/www.meeskond.ee\/\",\"logo\":{\"@type\":\"ImageObject\",\"inLanguage\":\"en-US\",\"@id\":\"http:\/\/www.meeskond.ee\/#\/schema\/logo\/image\/\",\"url\":\"https:\/\/www.meeskond.ee\/wp-content\/uploads\/2022\/07\/meeskond_security_RGB.jpeg\",\"contentUrl\":\"https:\/\/www.meeskond.ee\/wp-content\/uploads\/2022\/07\/meeskond_security_RGB.jpeg\",\"width\":1280,\"height\":371,\"caption\":\"Meeskond Security\"},\"image\":{\"@id\":\"http:\/\/www.meeskond.ee\/#\/schema\/logo\/image\/\"},\"sameAs\":[\"https:\/\/www.facebook.com\/meeskond\",\"https:\/\/www.instagram.com\/meeskond_security\/?hl=en\"]}]}<\/script>\n<!-- \/ Yoast SEO plugin. -->","yoast_head_json":{"title":"Muud \u00fcritused - MEESKOND","robots":{"index":"index","follow":"follow","max-snippet":"max-snippet:-1","max-image-preview":"max-image-preview:large","max-video-preview":"max-video-preview:-1"},"canonical":"https:\/\/meeskond.ee\/en\/muud-uritused\/","og_locale":"en_US","og_type":"article","og_title":"Muud \u00fcritused - MEESKOND","og_description":"Muud \u00fcritused Previous Next Tehtud \u00fcritused AMERICAN BEUTY CAR SHOW \u2022TEEVIIT \u2022AUTO24RING MOTOV\u00d5ISTLUSED \u2022LAURI AUSI M\u00c4LESTUSV\u00d5ISTLUS \u2022TEATETANTS \u2022ROHELISTE RATTARETKED \u2022PALDISKI LINNAP\u00c4EVAD \u2022KASKAD\u00d6\u00d6RIDE V\u00d5ISTLUSED \u2022KARDIV\u00d5ISTLUS TULIRING \u2022TALLINNA SPRINT \u2022JEEBI RALLI \u2022MONSTER TRUCK SHOW HIPODROOMIL \u2022WHISKY WINTER \u2022V\u00d5IMLEMISPIDU \u2022K\u00dcLAP\u00c4EVAD (NISSI, LEHETU, HARKU, VANAM\u00d5ISA) \u2022HARMOONIKA P\u00d5LVAS \u2022RIDALI LAHEDALT LENDAME LENNU\u00dcRITUS","og_url":"https:\/\/meeskond.ee\/en\/muud-uritused\/","og_site_name":"MEESKOND","article_publisher":"https:\/\/www.facebook.com\/meeskond","article_modified_time":"2023-03-08T04:23:15+00:00","og_image":[{"url":"http:\/\/www.meeskond.ee\/wp-content\/uploads\/2022\/05\/DSC00935.jpg","type":"","width":"","height":""}],"twitter_card":"summary_large_image","twitter_misc":{"Est. reading time":"2 minutes"},"schema":{"@context":"https:\/\/schema.org","@graph":[{"@type":"WebPage","@id":"https:\/\/meeskond.ee\/muud-uritused\/","url":"https:\/\/meeskond.ee\/muud-uritused\/","name":"Muud \u00fcritused - MEESKOND","isPartOf":{"@id":"http:\/\/www.meeskond.ee\/#website"},"primaryImageOfPage":{"@id":"https:\/\/meeskond.ee\/muud-uritused\/#primaryimage"},"image":{"@id":"https:\/\/meeskond.ee\/muud-uritused\/#primaryimage"},"thumbnailUrl":"http:\/\/www.meeskond.ee\/wp-content\/uploads\/2022\/05\/DSC00935.jpg","datePublished":"2022-05-29T11:17:00+00:00","dateModified":"2023-03-08T04:23:15+00:00","breadcrumb":{"@id":"https:\/\/meeskond.ee\/muud-uritused\/#breadcrumb"},"inLanguage":"en-US","potentialAction":[{"@type":"ReadAction","target":["https:\/\/meeskond.ee\/muud-uritused\/"]}]},{"@type":"ImageObject","inLanguage":"en-US","@id":"https:\/\/meeskond.ee\/muud-uritused\/#primaryimage","url":"http:\/\/www.meeskond.ee\/wp-content\/uploads\/2022\/05\/DSC00935.jpg","contentUrl":"http:\/\/www.meeskond.ee\/wp-content\/uploads\/2022\/05\/DSC00935.jpg"},{"@type":"BreadcrumbList","@id":"https:\/\/meeskond.ee\/muud-uritused\/#breadcrumb","itemListElement":[{"@type":"ListItem","position":1,"name":"Avaleht","item":"https:\/\/www.meeskond.ee\/"},{"@type":"ListItem","position":2,"name":"Muud \u00fcritused"}]},{"@type":"WebSite","@id":"http:\/\/www.meeskond.ee\/#website","url":"http:\/\/www.meeskond.ee\/","name":"MEESKOND","description":"","publisher":{"@id":"http:\/\/www.meeskond.ee\/#organization"},"potentialAction":[{"@type":"SearchAction","target":{"@type":"EntryPoint","urlTemplate":"http:\/\/www.meeskond.ee\/?s={search_term_string}"},"query-input":{"@type":"PropertyValueSpecification","valueRequired":true,"valueName":"search_term_string"}}],"inLanguage":"en-US"},{"@type":"Organization","@id":"http:\/\/www.meeskond.ee\/#organization","name":"Meeskond Security","url":"http:\/\/www.meeskond.ee\/","logo":{"@type":"ImageObject","inLanguage":"en-US","@id":"http:\/\/www.meeskond.ee\/#\/schema\/logo\/image\/","url":"https:\/\/www.meeskond.ee\/wp-content\/uploads\/2022\/07\/meeskond_security_RGB.jpeg","contentUrl":"https:\/\/www.meeskond.ee\/wp-content\/uploads\/2022\/07\/meeskond_security_RGB.jpeg","width":1280,"height":371,"caption":"Meeskond Security"},"image":{"@id":"http:\/\/www.meeskond.ee\/#\/schema\/logo\/image\/"},"sameAs":["https:\/\/www.facebook.com\/meeskond","https:\/\/www.instagram.com\/meeskond_security\/?hl=en"]}]}},"_links":{"self":[{"href":"https:\/\/meeskond.ee\/en\/wp-json\/wp\/v2\/pages\/499","targetHints":{"allow":["GET"]}}],"collection":[{"href":"https:\/\/meeskond.ee\/en\/wp-json\/wp\/v2\/pages"}],"about":[{"href":"https:\/\/meeskond.ee\/en\/wp-json\/wp\/v2\/types\/page"}],"author":[{"embeddable":true,"href":"https:\/\/meeskond.ee\/en\/wp-json\/wp\/v2\/users\/1"}],"replies":[{"embeddable":true,"href":"https:\/\/meeskond.ee\/en\/wp-json\/wp\/v2\/comments?post=499"}],"version-history":[{"count":5,"href":"https:\/\/meeskond.ee\/en\/wp-json\/wp\/v2\/pages\/499\/revisions"}],"predecessor-version":[{"id":1406,"href":"https:\/\/meeskond.ee\/en\/wp-json\/wp\/v2\/pages\/499\/revisions\/1406"}],"wp:attachment":[{"href":"https:\/\/meeskond.ee\/en\/wp-json\/wp\/v2\/media?parent=499"}],"curies":[{"name":"wp","href":"https:\/\/api.w.org\/{rel}","templated":true}]}}